{"id":1182,"date":"2022-01-15T21:52:42","date_gmt":"2022-01-15T21:52:42","guid":{"rendered":"https:\/\/sv-hotelsupplies.com\/plati-livrare"},"modified":"2022-02-04T22:09:35","modified_gmt":"2022-02-04T22:09:35","slug":"pli-livrare","status":"publish","type":"page","link":"https:\/\/sv-hotelsupplies.com\/ro\/pli-livrare","title":{"rendered":"Pl\u0103\u021bi &#8211; Livrare"},"content":{"rendered":"\n\t<section class=\"section\" id=\"section_482602957\">\n\t\t<div class=\"section-bg fill\" >\n\t\t\t\t\t\t\t\t\t\n\t\t\t\n\n\t\t<\/div>\n\n\t\t\n\n\t\t<div class=\"section-content relative\">\n\t\t\t\n\n<div class=\"row\"  id=\"row-1226079726\">\n\n\n\t<div id=\"col-1670334649\" class=\"col small-12 large-12\"  >\n\t\t\t\t<div class=\"col-inner\"  >\n\t\t\t\n\t\t\t\n\n<h1>Pl\u0103\u021bi &#8211; Livrare<\/h1>\r\n<h2>Modalit\u0103\u021bi de Comand\u0103<\/h2>\r\n<h3>A. Prin pagina noastr\u0103 web on-line timp de 24 de ore.<\/h3>\r\nPute\u021bi naviga la produsele noastre prin pagina noastr\u0103 web \u0219i s\u0103 selecta\u021bi produsul dorit ap\u0103s\u00e2nd pe butonul \u201dCUMP\u0102R\u0102\u201d sub fiecare produs. \u00cen continuare urma\u021bi pa\u0219ii pentru completarea achizi\u021bion\u0103rii.\r\n\r\nPute\u021bi alege \u00eentre urm\u0103toarele 4 modalit\u0103\u021bi de plat\u0103:\r\n\u2022\u00a0\u00a0\u00a0 Plata la primire &#8211; plata la livrarea \u00een spa\u021biul dvs.\r\n\u2022\u00a0\u00a0\u00a0 Plat\u0103 prin card de credit\r\n\u2022\u00a0\u00a0\u00a0 Depozit bancar\r\n\r\nBanca Eurobank\r\nNr. cont: 0026-0139-30-0200751167\r\n\u0399\u0392\u0391\u039d GR: GR5502601390000300200751167\r\n\r\nDup\u0103 ce confirma\u021bi comanda dvs. completa\u021bi dac\u0103 dori\u021bi orice altceva referitor la comanda dvs. la c\u00e2mpul special pentru comentarii.\r\nDup\u0103 completarea procedurii ve\u021bi primi un email despre datele comenzii dvs.\r\n<h3>B. Prin expediere de email.<\/h3>\r\nPute\u021bi s\u0103 ne trimite\u021bi comanda dvs. prin email cu codul produsului \u0219i cantitatea dorit\u0103.\r\nPentru orice alt\u0103 clarificare sau informa\u021bii v\u0103 rug\u0103m s\u0103 ne contacta\u021bi.\r\n\r\nOrarul de lucru: 10:00- 16:00\r\n<h2>\r\nTermenii de expediere<\/h2>\r\nCostul de transport este de 5,00 \u20ac per box\u0103. Cantitatea minim\u0103 de comand\u0103 1 Box\u0103.\r\nDe la 3 boxe \u00een sus nu exist\u0103 costuri de transport pentru livrare \u00een UE. Expedierea comenzii \u00een timp de 2-5 zile lucr\u0103toare.\r\nPentru livr\u0103ri \u00eenafara UE solicita\u021bi ofert\u0103.\r\nPentru produse individualizate, livrare conform confirm\u0103rii comenzii.\n\n\t\t<\/div>\n\t\t\t\t\t<\/div>\n\n\t\n\n<\/div>\n\n\t\t<\/div>\n\n\t\t\n<style>\n#section_482602957 {\n  padding-top: 30px;\n  padding-bottom: 30px;\n}\n<\/style>\n\t<\/section>\n\t","protected":false},"excerpt":{"rendered":"","protected":false},"author":2,"featured_media":0,"parent":0,"menu_order":0,"comment_status":"closed","ping_status":"closed","template":"","meta":{"_acf_changed":false,"footnotes":""},"class_list":["post-1182","page","type-page","status-publish","hentry"],"acf":[],"_links":{"self":[{"href":"https:\/\/sv-hotelsupplies.com\/ro\/wp-json\/wp\/v2\/pages\/1182","targetHints":{"allow":["GET"]}}],"collection":[{"href":"https:\/\/sv-hotelsupplies.com\/ro\/wp-json\/wp\/v2\/pages"}],"about":[{"href":"https:\/\/sv-hotelsupplies.com\/ro\/wp-json\/wp\/v2\/types\/page"}],"author":[{"embeddable":true,"href":"https:\/\/sv-hotelsupplies.com\/ro\/wp-json\/wp\/v2\/users\/2"}],"replies":[{"embeddable":true,"href":"https:\/\/sv-hotelsupplies.com\/ro\/wp-json\/wp\/v2\/comments?post=1182"}],"version-history":[{"count":2,"href":"https:\/\/sv-hotelsupplies.com\/ro\/wp-json\/wp\/v2\/pages\/1182\/revisions"}],"predecessor-version":[{"id":1184,"href":"https:\/\/sv-hotelsupplies.com\/ro\/wp-json\/wp\/v2\/pages\/1182\/revisions\/1184"}],"wp:attachment":[{"href":"https:\/\/sv-hotelsupplies.com\/ro\/wp-json\/wp\/v2\/media?parent=1182"}],"curies":[{"name":"wp","href":"https:\/\/api.w.org\/{rel}","templated":true}]}}