{"id":1185,"date":"2022-01-15T21:50:05","date_gmt":"2022-01-15T21:50:05","guid":{"rendered":"https:\/\/sv-hotelsupplies.com\/politica-de-confidentialitate"},"modified":"2022-02-04T22:13:17","modified_gmt":"2022-02-04T22:13:17","slug":"politica-de-confidenialitate","status":"publish","type":"page","link":"https:\/\/sv-hotelsupplies.com\/ro\/politica-de-confidenialitate","title":{"rendered":"Politica de confiden\u021bialitate"},"content":{"rendered":"\n\t<section class=\"section\" id=\"section_1787897717\">\n\t\t<div class=\"section-bg fill\" >\n\t\t\t\t\t\t\t\t\t\n\t\t\t\n\n\t\t<\/div>\n\n\t\t\n\n\t\t<div class=\"section-content relative\">\n\t\t\t\n\n<div class=\"row\"  id=\"row-1613321279\">\n\n\n\t<div id=\"col-573107031\" class=\"col small-12 large-12\"  >\n\t\t\t\t<div class=\"col-inner\"  >\n\t\t\t\n\t\t\t<h1>Politica de confiden\u021bialitate<\/h1>\r\n<h2>\r\nDate personale<\/h2>\r\n\u00cen general, pute\u021bi vizita site-ul nostru pe Internet f\u0103r\u0103 s\u0103 ne spune\u021bi cine sunte\u021bi \u0219i f\u0103r\u0103 s\u0103 oferi\u021bi oricare din datele dvs. personale. Totu\u0219i, uneori noi sau colaboratorii no\u0219tri avem nevoie de unele informa\u021bii din partea dvs.\r\nEventual s\u0103 ne oferi\u021bi unele date personale \u00een diferite cazuri. De exemplu, pute\u021bi s\u0103 ne oferi\u021bi unele date, cum ar fi de ex. numele \u0219i adresa dvs. po\u0219tal\u0103 sau electronic\u0103 (e-mail), ca s\u0103 v\u0103 contact\u0103m, pentru a efectua o comand\u0103. Scopul nostru este s\u0103 v\u0103 inform\u0103m despre cum vom folosi aceste date \u00eenainte de a le culege de la dvs. Dac\u0103 ne ve\u021bi declara c\u0103 nu dori\u021bi s\u0103 folosim aceste informa\u021bii ca o baz\u0103 pentru contact cu dvs. \u00een viitor \u00eenafara realiz\u0103rii solicit\u0103rilor dvs., noi vom respecta dorin\u021ba dvs. Dac\u0103 o s\u0103 ne oferi\u021bi datele personale altei persoane, ex. so\u021b\/ie sau coleg\/\u0103, vom considera c\u0103 ave\u021bi consim\u021b\u0103m\u00e2ntul lui\/ei pentru a ni le oferi.\r\n<h2>\r\nUtilizare \u0219i Utilizare din Comun ale Datelor Personale<\/h2>\r\nUrm\u0103toarele paragrafe descriu \u00een detaliu cum putem folosi datele dvs. personale \u0219i cu cine le putem \u00eemp\u0103rt\u0103\u0219i. Depinde de tipul site-ului nostru pe care \u00eel vizita\u021bi, pot fi aplicate una sau mai multe din aceste paragrafe.\r\n<h2>\r\nSiguran\u021ba \u0219i Calitatea Informa\u021biilor<\/h2>\r\nObiectivul nostru este s\u0103 protej\u0103m datele dvs. personale \u0219i totodat\u0103 s\u0103 men\u021binem calitatea lor. Aplic\u0103m m\u0103suri potrivite \u0219i proceduri, cum ar fi de ex. utilizarea de criptare pe durata transferului unor date sensibile, ca s\u0103 protej\u0103m datele dvs. \u0219i s\u0103 men\u021binem calitatea lor.\r\n<h2>\r\nCompletarea Informa\u021biilor<\/h2>\r\nDin timp \u00een timp poate s\u0103 complet\u0103m datele pe care ni le furniza\u021bi prin intermediul site-ului din alte surse, cum ar fi de ex. informa\u021bii care confirm\u0103 adresa dvs. sau alte informa\u021bii disponibile referitor la societ\u0103\u021bi. Facem acest lucru c\u0103 s\u0103 p\u0103str\u0103m datele exacte pe care le-am colectat \u0219i ca s\u0103 v\u0103 servim mai bine.\r\n<h2>\r\nComunicarea Datelor Personale<\/h2>\r\n\u00cen unele cazuri, folosim furnizori pentru colectarea, utilizarea, analiza \u0219i alte proces\u0103ri ale datelor. Practica noastr\u0103 este s\u0103 solicit\u0103m furnizorilor \u00een cauz\u0103 s\u0103 proceseze informa\u021biile \u00eentr-o modalitate conform\u0103 cu prezenta Declara\u021bie de Protec\u021bie a Datelor Personale.\r\n<h2>\r\nPerioada de P\u0103strare<\/h2>\r\nNu vom p\u0103stra informa\u021bii personale mai mult dec\u00e2t este nevoie pentru finalizarea obiectivelor pentru care aceste informa\u021bii sunt supuse spre prelucrare, inclusiv asigurarea conform\u0103rii a prelucr\u0103rii din partea noastr\u0103 cu obliga\u021biile legale \u0219i normative \u00een vigoare (ex. procedura de control, p\u0103strarea \u00een scopuri de contabilitate sau din motive legale etc.), solu\u021bionarea litigiilor \u0219i a \u00eentemeierii, exers\u0103rii sau sus\u021binerii preten\u021biilor legale.\r\n<h2>\r\nPolitica Cookies<\/h2>\r\nColect\u0103m informa\u021biile men\u021bionate \u00een paragrafele anterioare prin utilizarea de diferite tehnologii, una dintre care sunt a\u0219a numitele \u201dcookies\u201d. Cookie este un modul de date care poate fi trimis de c\u0103tre site spre browserul calculatorului dvs. iar \u00een continuare este salvat \u00een calculatorul dvs. ca o urm\u0103 anonim\u0103, prin care poate fi recunoscut calculatorul dvs., dar nu dvs. \u00een sine. Pute\u021bi seta browserul dvs. ca s\u0103 apare o \u00eentrebare \u00eenainte desc\u0103rc\u0103rii unui cookie, ca s\u0103 ave\u021bi posibilitatea s\u0103 decide\u021bi de fiecare dat\u0103 dac\u0103 o s\u0103 \u00eel accepta\u021bi. Mai pute\u021bi dezactiva complet cookies la browserul dvs. Dac\u0103 totu\u0219i ve\u021bi proceda astfel, unele func\u021bii ale site-ului se poate s\u0103 nu func\u021bioneze normal.\r\nCookies care sunt folosite la site-ul nostru se disting \u00een 5 categorii:\r\n<h3>\r\n1. Absolut necesare<\/h3>\r\nCookies absolut necesare au o importan\u021b\u0103 vital\u0103 pentru func\u021bionarea corect\u0103 a site-ului. F\u0103r\u0103 ele eventual nu ve\u021bi putea naviga \u0219i s\u0103 utiliza\u021bi func\u021biile site-ului \u0219i \u00een consecin\u021b\u0103, f\u0103r\u0103 aceste cookies, nu putem oferi o func\u021bionare eficient\u0103 a site-ului nostru. Aceste cookies nu recunosc identitatea dvs. personal\u0103.\r\n<h3>\r\n2. De Utilizabilitate<\/h3>\r\nCookies de utilizabilitate salveaz\u0103 date de utilizare care influen\u021beaz\u0103 func\u021bionarea paginii web \u00een mare parte \u0219i faciliteaz\u0103 urm\u0103toarea vizit\u0103 al utilizatorului la aceast\u0103 pagin\u0103 web. Datele pot fi anonime, iar nu sunt disponibile pe durata navig\u0103rii utilizatorului la alte pagini web.\r\n<h3>\r\n3. Statistice<\/h3>\r\nAcest cookies culeg informa\u021bii despre modalitatea \u00een care vizitatorii utilizeaz\u0103 site-ul, de exemplu, care pagini viziteaz\u0103 mai des \u0219i dac\u0103 primesc mesaje de eroare de la paginile web. Aceste cookies culeg informa\u021bii cumulate, anonime care nu identific\u0103 vizitatorul. Sunt utilizate exclusiv pentru \u00eembun\u0103t\u0103\u021birea performan\u021belor unei pagini web.\r\n<h3>\r\n4. \u021aintite<\/h3>\r\nAceste cookies sunt utilizate pentru oferirea de con\u021binut, care se potrive\u0219te mai bine dvs. \u0219i intereselor dvs. Pot fi utilizate pentru afi\u0219area de reclame\/oferte \u021bintite, pentru limitarea de afi\u0219are de reclame sau pentru m\u0103surarea eficien\u021bei unei campanii publicitare. Aceste cookies nu recunosc identitatea dvs. personal\u0103.\r\n<h3>\r\n5. Cookies de Ter\u021bi (Third Party Cookies)<\/h3>\r\nLa site-ul nostru am ad\u0103ugat func\u021bionalitate care este oferit\u0103 de c\u0103tre alte site-uri (ex. re\u021bele sociale) prin respectivele plug-ins (inser\u021bii software). Pentru func\u021bionarea respectivelor plug-ins, se realizeaz\u0103 a desc\u0103rcare de cookie direct din partea furnizorilor serviciului la dispozitivul dvs., f\u0103r\u0103 ca noi s\u0103 control\u0103m set\u0103rile cookies care provin din aceste site-uri \u00een cauz\u0103. Pentru mai multe informa\u021bii despre cookies \u0219i gestionarea lor, pute\u021bi vizita site-urile respective a p\u0103r\u021bilor ter\u021be:\r\nhttps:\/\/policies.google.com\/privacy?hl=el\r\nhttps:\/\/www.facebook.com\/business\/gdpr\r\nhttps:\/\/help.instagram.com\/155833707900388\r\n<h2>\r\nDezactivarea cookies<\/h2>\r\nAve\u021bi posibilitatea s\u0103 dezactiva\u021bi cookies schimb\u00e2nd set\u0103rile la browserul pe care \u00eel folosi\u021bi. Trebuie s\u0103 men\u021bion\u0103m, totu\u0219i, c\u0103 eventual site-ul nu va func\u021biona corect dac\u0103 toate cookies sunt dezactivate (vede\u021bi mai sus descrierea tipurilor de cookies).\r\nConsulta\u021bi tabelul de mai jos \u0219i urma\u021bi link-ul potrivit ca s\u0103 primi\u021bi mai multe informa\u021bii despre modul de dezactivare \u0219i \u0219tergere a cookies:\r\nChrome: https:\/\/support.google.com\/accounts\/answer\/61416?hl=el\r\nFirefox: https:\/\/support.mozilla.org\/el\/kb\/diagrafh-cookies-gia-afairesh-plhroforiwn\r\nInternet Explorer: https:\/\/support.microsoft.com\/en-us\/help\/17442\/windows-internet-explorer-delete-manage-cookies#ie=ie-11\r\nSafari: https:\/\/support.apple.com\/en-gb\/guide\/safari\/manage-cookies-and-website-data-sfri11471\/mac\r\nPentru alte programe de navigare care nu sunt men\u021bionate aici, v\u0103 rug\u0103m s\u0103 contacta\u021bi furnizorul respectivului program sau alternativ s\u0103 c\u0103uta\u021bi sec\u021bia de \u201dajutor\u201d la programul de navigare \u00een cauz\u0103.\r\n<h2>\r\nInforma\u021bii privind Cookies<\/h2>\r\n\u00cen cazul \u00een care dori\u021bi mai multe informa\u021bii despre cookies, modul lor de utilizare precum \u0219i modul de aplicare la utilizarea datelor dvs. personale, v\u0103 rug\u0103m s\u0103 vizita\u021bi pagina web http:\/\/www.aboutcookies.org.\r\n<h2>\r\nAlte Date Personale pe care le Colect\u0103m<\/h2>\r\nFiecare acces, cu succes sau nu, \u00een zone ale site-ului nostru unde se solicit\u0103 nume de utilizator \u0219i parol\u0103 este posibil s\u0103 fie \u00eenregistrat din motive de siguran\u021b\u0103.\r\nLa fel, pentru fiecare vizit\u0103, \u00eenregistr\u0103m adresa IP al vizitatorului, cu obiectivul exclusiv de a proteja site-ul \u0219i serverul gazd\u0103 \u00eempotriva utilizatorilor mali\u021bio\u0219i. Datele istoricului (logs) se p\u0103streaz\u0103 pentru o durat\u0103 de timp mai scurt\u0103 de un an de zile \u0219i nu sunt comunicate c\u0103tre ter\u021bi parteneri.\r\n<h2>\r\nUrm\u0103rirea Calit\u0103\u021bii Serviciilor<\/h2>\r\nPentru unele tranzac\u021bii pe internet poate va fi nevoie s\u0103 ne contacta\u021bi sau s\u0103 v\u0103 contact\u0103m prin telefon. V\u0103 rug\u0103m s\u0103 lua\u021bi \u00een considerare c\u0103 eventual aceste apeluri pot fi urm\u0103rite \u0219i \u00een unele cazuri s\u0103 fie \u00eenregistrate \u00een scopuri de instruire a personalului sau de asigurare a calit\u0103\u021bii.\r\n<h2>\r\nPublicitate Online<\/h2>\r\nC\u00e2teva companii ne ajut\u0103 s\u0103 oferim reclame on-line interactive, cum ar fi ex. bannere publicitare. Aceste companii pot colecta \u0219i utiliza informa\u021bii despre clien\u021bi, pentru a ne ajuta s\u0103 \u00een\u021belegem mai bine ofertele, activit\u0103\u021bile de promovare \u0219i tipurile de reclame care au mai mare impact asupra clien\u021bilor no\u0219tri. Informa\u021biile colectate sunt cumulative \u0219i \u00een consecin\u021b\u0103 nu pot fi corelate cu persoane concrete. Totu\u0219i, dac\u0103 prefera\u021bi ca aceste companii s\u0103 nu colecteze asemenea informa\u021bii, pute\u021bi s\u0103 vizita\u021bi site-ul http:\/\/www.networkadvertising.org\/ \u0219i s\u0103 urma\u021bi instruc\u021biunile pentru exceptarea dvs. (&#8222;opt-out&#8221;) de la colectarea acestor informa\u021bii.\r\n<h2>\r\nDezv\u0103luire Solicitat\u0103 de c\u0103tre Lege<\/h2>\r\nV\u0103 rug\u0103m s\u0103 lua\u021bi \u00een considerare c\u0103, \u00een unele cazuri, este posibil s\u0103 fie solicitat\u0103 dezv\u0103luirea de informa\u021bii prin ordin judec\u0103toresc sau de c\u0103tre alt\u0103 institu\u021bie de stat, soma\u021bie sau mandat.\r\n<h2>\r\nLinkuri c\u0103tre site-uri care nu ne apar\u021bin<\/h2>\r\nSite-ul nostru poate con\u021bine link-uri c\u0103tre alte site-uri. Nu suntem responsabili pentru practicile de prelucrare a datelor cu caracter personal la aceste site-uri, nici pentru con\u021binutul lor.\r\n<h2>\r\nDrepturile Dvs.<\/h2>\r\nPute\u021bi solicita s\u0103 ave\u021bi acces la informa\u021biile dvs. personale, s\u0103 le actualiza\u021bi sau s\u0103 le corecta\u021bi. \u00cen plus ave\u021bi dreptul s\u0103 v\u0103 \u00eempotrivi\u021bi la activit\u0103\u021bi de marketing direct (direct marketing). Mai ave\u021bi \u0219i dreptul s\u0103 v\u0103 \u00eempotrivi\u021bi la prelucrarea lor pe motive care \u021bin de situa\u021bia dvs. \u00cen baza Regulamentului GDPR ave\u021bi dreptul s\u0103 solicita\u021bi \u0219tergerea, limitarea accesului \u0219i portabilitatea datelor dvs. personale. Pentru accesul la procedura de solicitare, v\u0103 rug\u0103m s\u0103 ne contacta\u021bi.\r\n<h2>\r\nDreptul de a Depune Pl\u00e2ngeri<\/h2>\r\n\u00cen cazul \u00een care considera\u021bi c\u0103 prelucrarea datelor dvs. personale de c\u0103tre noi nu este conform\u0103 cu legisla\u021bia \u00een vigoare despre protec\u021bia datelor personale, pute\u021bi depune o pl\u00e2ngere:\r\nDirect c\u0103tre noi folosind forma de contact\r\nC\u0103tre autoritatea competent\u0103 pentru protec\u021bia datelor personale. Denumirile \u0219i datele de contact al Autorit\u0103\u021bilor pentru Protec\u021bia Datelor Personale \u00een Uniunea European\u0103 sunt disponibile la pagina web http:\/\/ec.europa.eu\/justice\/data-protection\/article-29\/structure\/data-protection-authorities\/index_en.htm\r\n<h2>\r\nNotificare \u00een caz de modific\u0103ri<\/h2>\r\nOric\u00e2nd se efectueaz\u0103 modific\u0103ri substan\u021biale asupra prezentei declara\u021bii, va exista o notificare corespunz\u0103toare la prima pagin\u0103 de pe site-ul nostru principal pentru o perioad\u0103 de 30 de zile.\t\t<\/div>\n\t\t\t\t\t<\/div>\n\n\t\n\n<\/div>\n\n\t\t<\/div>\n\n\t\t\n<style>\n#section_1787897717 {\n  padding-top: 30px;\n  padding-bottom: 30px;\n}\n<\/style>\n\t<\/section>\n\t","protected":false},"excerpt":{"rendered":"","protected":false},"author":2,"featured_media":0,"parent":0,"menu_order":0,"comment_status":"closed","ping_status":"closed","template":"","meta":{"_acf_changed":false,"footnotes":""},"class_list":["post-1185","page","type-page","status-publish","hentry"],"acf":[],"_links":{"self":[{"href":"https:\/\/sv-hotelsupplies.com\/ro\/wp-json\/wp\/v2\/pages\/1185","targetHints":{"allow":["GET"]}}],"collection":[{"href":"https:\/\/sv-hotelsupplies.com\/ro\/wp-json\/wp\/v2\/pages"}],"about":[{"href":"https:\/\/sv-hotelsupplies.com\/ro\/wp-json\/wp\/v2\/types\/page"}],"author":[{"embeddable":true,"href":"https:\/\/sv-hotelsupplies.com\/ro\/wp-json\/wp\/v2\/users\/2"}],"replies":[{"embeddable":true,"href":"https:\/\/sv-hotelsupplies.com\/ro\/wp-json\/wp\/v2\/comments?post=1185"}],"version-history":[{"count":2,"href":"https:\/\/sv-hotelsupplies.com\/ro\/wp-json\/wp\/v2\/pages\/1185\/revisions"}],"predecessor-version":[{"id":1187,"href":"https:\/\/sv-hotelsupplies.com\/ro\/wp-json\/wp\/v2\/pages\/1185\/revisions\/1187"}],"wp:attachment":[{"href":"https:\/\/sv-hotelsupplies.com\/ro\/wp-json\/wp\/v2\/media?parent=1185"}],"curies":[{"name":"wp","href":"https:\/\/api.w.org\/{rel}","templated":true}]}}