{"id":1188,"date":"2022-01-15T21:41:01","date_gmt":"2022-01-15T21:41:01","guid":{"rendered":"https:\/\/sv-hotelsupplies.com\/termeni-de-utilizare"},"modified":"2022-02-04T22:16:02","modified_gmt":"2022-02-04T22:16:02","slug":"termeni-de-utilizare","status":"publish","type":"page","link":"https:\/\/sv-hotelsupplies.com\/ro\/termeni-de-utilizare","title":{"rendered":"Termeni de utilizare"},"content":{"rendered":"\n\t<section class=\"section\" id=\"section_1288750803\">\n\t\t<div class=\"section-bg fill\" >\n\t\t\t\t\t\t\t\t\t\n\t\t\t\n\n\t\t<\/div>\n\n\t\t\n\n\t\t<div class=\"section-content relative\">\n\t\t\t\n\n<div class=\"row\"  id=\"row-808143203\">\n\n\n\t<div id=\"col-941390447\" class=\"col small-12 large-12\"  >\n\t\t\t\t<div class=\"col-inner\"  >\n\t\t\t\n\t\t\t<h2>Return\u0103ri de Produse<\/h2>\r\n<h3>\r\nR\u0103zg\u00e2ndire\/Returnare &#8211; \u00cenlocuire se Produse<\/h3>\r\nReturn\u0103ri de Produse:\r\nMagazinul electronic www.sv-hotelsupplies.com garanteaz\u0103 satisfac\u021bia dvs. maxim\u0103 d.p.d.v. al raportului calitate &#8211; pre\u021b. dac\u0103 din orice motiv clientul nu este satisf\u0103cut cu comanda sa, poate returna produsul cump\u0103rat, \u00een termen de 14 zile dup\u0103 data livr\u0103rii.\r\nDreptul de retractare poate fi exersat exclusiv de c\u0103tre client \u0219i \u00een nici un caz de c\u0103tre destinatarul cadoului. Produsul trebuie \u00eenso\u021bit de avizul de expedi\u021bie.\r\nProdusele returnate, ca s\u0103 fie acceptate trebuie s\u0103 fie intacte, \u00een ambalajul corect, exact cum au fost trimise clientului. clientul va trebui ini\u021bial s\u0103 contacteze prin email magazinul nostru la info@savilshop.com expun\u00e2nd motivul din care dore\u0219te returnarea produsului \u0219i dup\u0103 ce va primi aprobarea societ\u0103\u021bii, s\u0103 returneze produsul. Produsul va trebui s\u0103 fie \u00een forma lui original\u0103, a\u0219a cum a fost expediat clientului.\r\nCheltuielile de transport pentru return\u0103ri nu sunt suportate de c\u0103tre magazinul electronic www.sv-hotelsupplies.com.\r\nDup\u0103 aprobarea return\u0103rii, ve\u021bi primi \u00eenapoi suma pl\u0103tit\u0103 \u00een cardul dvs. dac\u0103 produsul a fost cump\u0103rat prin card de credit, sau \u00een cont Bancar indicat de dvs. dac\u0103 achizi\u021bia a fost efectuat\u0103 prin plata la primire.\t\t<\/div>\n\t\t\t\t\t<\/div>\n\n\t\n\n<\/div>\n\n\t\t<\/div>\n\n\t\t\n<style>\n#section_1288750803 {\n  padding-top: 30px;\n  padding-bottom: 30px;\n}\n<\/style>\n\t<\/section>\n\t","protected":false},"excerpt":{"rendered":"","protected":false},"author":2,"featured_media":0,"parent":0,"menu_order":0,"comment_status":"closed","ping_status":"closed","template":"","meta":{"_acf_changed":false,"footnotes":""},"class_list":["post-1188","page","type-page","status-publish","hentry"],"acf":[],"_links":{"self":[{"href":"https:\/\/sv-hotelsupplies.com\/ro\/wp-json\/wp\/v2\/pages\/1188","targetHints":{"allow":["GET"]}}],"collection":[{"href":"https:\/\/sv-hotelsupplies.com\/ro\/wp-json\/wp\/v2\/pages"}],"about":[{"href":"https:\/\/sv-hotelsupplies.com\/ro\/wp-json\/wp\/v2\/types\/page"}],"author":[{"embeddable":true,"href":"https:\/\/sv-hotelsupplies.com\/ro\/wp-json\/wp\/v2\/users\/2"}],"replies":[{"embeddable":true,"href":"https:\/\/sv-hotelsupplies.com\/ro\/wp-json\/wp\/v2\/comments?post=1188"}],"version-history":[{"count":2,"href":"https:\/\/sv-hotelsupplies.com\/ro\/wp-json\/wp\/v2\/pages\/1188\/revisions"}],"predecessor-version":[{"id":1190,"href":"https:\/\/sv-hotelsupplies.com\/ro\/wp-json\/wp\/v2\/pages\/1188\/revisions\/1190"}],"wp:attachment":[{"href":"https:\/\/sv-hotelsupplies.com\/ro\/wp-json\/wp\/v2\/media?parent=1188"}],"curies":[{"name":"wp","href":"https:\/\/api.w.org\/{rel}","templated":true}]}}