{"id":987,"date":"2022-01-21T22:19:36","date_gmt":"2022-01-21T22:19:36","guid":{"rendered":"https:\/\/sv-hotelsupplies.com\/servicii"},"modified":"2022-02-04T21:52:50","modified_gmt":"2022-02-04T21:52:50","slug":"servicii","status":"publish","type":"page","link":"https:\/\/sv-hotelsupplies.com\/ro\/servicii","title":{"rendered":"SERVICII"},"content":{"rendered":"\n\t<section class=\"section dark\" id=\"section_746303243\">\n\t\t<div class=\"section-bg fill\" >\n\t\t\t<img loading=\"lazy\" decoding=\"async\" width=\"1500\" height=\"937\" src=\"https:\/\/sv-hotelsupplies.com\/wp-content\/uploads\/2022\/01\/robert-haverly-_kmr5wKVW7E-unsplash.jpg\" class=\"bg attachment- size-\" alt=\"\" \/>\t\t\t\t\t\t\n\t\t\t\n\n\t\t<\/div>\n\n\t\t\n\n\t\t<div class=\"section-content relative\">\n\t\t\t\n\n<div class=\"row align-center\"  id=\"row-475779929\">\n\n\n\t<div id=\"col-1482229020\" class=\"col medium-6 small-12 large-5\"  >\n\t\t\t\t<div class=\"col-inner text-center\"  >\n\t\t\t\n\t\t\t\n\n\t<div id=\"gap-1685886345\" class=\"gap-element clearfix\" style=\"display:block; height:auto;\">\n\t\t\n<style>\n#gap-1685886345 {\n  padding-top: 40px;\n}\n<\/style>\n\t<\/div>\n\t\n\n\t<div id=\"text-1659972128\" class=\"text\">\n\t\t\n\n<h1>SERVICII SV<\/h1>\n\t\t\n<style>\n#text-1659972128 {\n  font-size: 1.5rem;\n}\n<\/style>\n\t<\/div>\n\t\n\n\t\t<\/div>\n\t\t\t\t\t<\/div>\n\n\t\n\n<\/div>\n\n\t\t<\/div>\n\n\t\t\n<style>\n#section_746303243 {\n  padding-top: 30px;\n  padding-bottom: 30px;\n  min-height: 350px;\n}\n<\/style>\n\t<\/section>\n\t\n\n\t<section class=\"section\" id=\"section_455849150\">\n\t\t<div class=\"section-bg fill\" >\n\t\t\t\t\t\t\t\t\t\n\t\t\t\n\n\t\t<\/div>\n\n\t\t\n\n\t\t<div class=\"section-content relative\">\n\t\t\t\n\n\t<div id=\"gap-1597594377\" class=\"gap-element clearfix\" style=\"display:block; height:auto;\">\n\t\t\n<style>\n#gap-1597594377 {\n  padding-top: 50px;\n}\n@media (min-width:850px) {\n  #gap-1597594377 {\n    padding-top: 90px;\n  }\n}\n<\/style>\n\t<\/div>\n\t\n\n<div class=\"row\"  id=\"row-1884937263\">\n\n\n\t<div id=\"col-1373911140\" class=\"col medium-7 small-12 large-3\"  >\n\t\t\t\t<div class=\"col-inner text-left\"  >\n\t\t\t\n\t\t\t\n\n\n\t\t<div class=\"icon-box featured-box icon-box-left text-left\"  >\n\t\t\t\t\t<div class=\"icon-box-img\" style=\"width: 30px\">\n\t\t\t\t<div class=\"icon\">\n\t\t\t\t\t<div class=\"icon-inner\" >\n\t\t\t\t\t\t<img loading=\"lazy\" decoding=\"async\" width=\"120\" height=\"120\" src=\"https:\/\/sv-hotelsupplies.com\/wp-content\/uploads\/2022\/01\/archive-line-2.png\" class=\"attachment-medium size-medium\" alt=\"\" srcset=\"https:\/\/sv-hotelsupplies.com\/wp-content\/uploads\/2022\/01\/archive-line-2.png 120w, https:\/\/sv-hotelsupplies.com\/wp-content\/uploads\/2022\/01\/archive-line-2-100x100.png 100w\" sizes=\"auto, (max-width: 120px) 100vw, 120px\" \/>\t\t\t\t\t<\/div>\n\t\t\t\t<\/div>\n\t\t\t<\/div>\n\t\t\t\t<div class=\"icon-box-text last-reset\">\n\t\t\t\t\t\t\t\t\t\n\n\t<div id=\"gap-343212589\" class=\"gap-element clearfix\" style=\"display:block; height:auto;\">\n\t\t\n<style>\n#gap-343212589 {\n  padding-top: 5px;\n}\n<\/style>\n\t<\/div>\n\t\n\n\t<div id=\"text-2822892362\" class=\"text\">\n\t\t\n\n<h6>Depozit<\/h6>\n\t\t\n<style>\n#text-2822892362 {\n  font-size: 1.25rem;\n}\n<\/style>\n\t<\/div>\n\t\n\n\t\t<\/div>\n\t<\/div>\n\t\n\t\n\t<div id=\"gap-1123841392\" class=\"gap-element clearfix\" style=\"display:block; height:auto;\">\n\t\t\n<style>\n#gap-1123841392 {\n  padding-top: 15px;\n}\n<\/style>\n\t<\/div>\n\t\r\n\r\nSV- HOTEL SUPPLIES de\u021bine un mare depozit preg\u0103tit pentru dvs.! Dispunem de o mare varietate de modele de papuci, precum \u0219i de accesorii, \u0219i articole hoteliere \u00een stoc. Cu informa\u021bii \u00een timp real despre stocul curent, clien\u021bii no\u0219tri cunosc imediat care produse sunt disponibile pentru livrare imediat\u0103. Livr\u0103rile noastre sunt rapide la aproape toate regiunile din U.E.\n\n\t\t<\/div>\n\t\t\t\t\t<\/div>\n\n\t\n\n\t<div id=\"col-1789398708\" class=\"col medium-8 small-12 large-1\"  >\n\t\t\t\t<div class=\"col-inner\"  >\n\t\t\t\n\t\t\t\n\n<div class=\"text-center\"><div class=\"is-divider divider clearfix\" style=\"max-width:60%;height:2px;background-color:rgb(41, 56, 71);\"><\/div><\/div>\n\n\n\t\t<\/div>\n\t\t\t\t\t<\/div>\n\n\t\n\n\t<div id=\"col-982981202\" class=\"col medium-7 small-12 large-3\"  >\n\t\t\t\t<div class=\"col-inner\"  >\n\t\t\t\n\t\t\t\n\n\n\t\t<div class=\"icon-box featured-box icon-box-left text-left\"  >\n\t\t\t\t\t<div class=\"icon-box-img\" style=\"width: 30px\">\n\t\t\t\t<div class=\"icon\">\n\t\t\t\t\t<div class=\"icon-inner\" >\n\t\t\t\t\t\t<img loading=\"lazy\" decoding=\"async\" width=\"120\" height=\"120\" src=\"https:\/\/sv-hotelsupplies.com\/wp-content\/uploads\/2022\/01\/archive-line-2.png\" class=\"attachment-medium size-medium\" alt=\"\" srcset=\"https:\/\/sv-hotelsupplies.com\/wp-content\/uploads\/2022\/01\/archive-line-2.png 120w, https:\/\/sv-hotelsupplies.com\/wp-content\/uploads\/2022\/01\/archive-line-2-100x100.png 100w\" sizes=\"auto, (max-width: 120px) 100vw, 120px\" \/>\t\t\t\t\t<\/div>\n\t\t\t\t<\/div>\n\t\t\t<\/div>\n\t\t\t\t<div class=\"icon-box-text last-reset\">\n\t\t\t\t\t\t\t\t\t\n\n\t<div id=\"gap-579051677\" class=\"gap-element clearfix\" style=\"display:block; height:auto;\">\n\t\t\n<style>\n#gap-579051677 {\n  padding-top: 5px;\n}\n<\/style>\n\t<\/div>\n\t\n\n\t<div id=\"text-958470379\" class=\"text\">\n\t\t\n\n<h6>EXPEDIERI<\/h6>\n\t\t\n<style>\n#text-958470379 {\n  font-size: 1.25rem;\n}\n<\/style>\n\t<\/div>\n\t\n\n\t\t<\/div>\n\t<\/div>\n\t\n\t\n\t<div id=\"gap-87764086\" class=\"gap-element clearfix\" style=\"display:block; height:auto;\">\n\t\t\n<style>\n#gap-87764086 {\n  padding-top: 15px;\n}\n<\/style>\n\t<\/div>\n\t\r\n\r\nPute\u021bi comanda rapid \u0219i u\u0219or la magazinul nostru electronic. Dac\u0103 ave\u021bi o cerin\u021b\u0103 anume sau ave\u021bi nevoie de o solu\u021bie adaptat\u0103, colabor\u0103m str\u00e2ns cu dvs. ca s\u0103 proiect\u0103m articolul dorit \u00een cel mai scurt timp posibil.\n\n\t\t<\/div>\n\t\t\t\t\t<\/div>\n\n\t\n\n\t<div id=\"col-525180517\" class=\"col medium-8 small-12 large-1\"  >\n\t\t\t\t<div class=\"col-inner\"  >\n\t\t\t\n\t\t\t\n\n<div class=\"text-center\"><div class=\"is-divider divider clearfix\" style=\"max-width:60%;height:2px;background-color:rgb(41, 56, 71);\"><\/div><\/div>\n\n\n\t\t<\/div>\n\t\t\t\t\t<\/div>\n\n\t\n\n\t<div id=\"col-399082598\" class=\"col medium-7 small-12 large-3\"  >\n\t\t\t\t<div class=\"col-inner\"  >\n\t\t\t\n\t\t\t\n\n\n\t\t<div class=\"icon-box featured-box icon-box-left text-left\"  >\n\t\t\t\t<div class=\"icon-box-text last-reset\">\n\t\t\t\t\t\t\t\t\t\n\n\t<div id=\"gap-1023763982\" class=\"gap-element clearfix\" style=\"display:block; height:auto;\">\n\t\t\n<style>\n#gap-1023763982 {\n  padding-top: 5px;\n}\n<\/style>\n\t<\/div>\n\t\n\n\t<div id=\"text-1970097371\" class=\"text\">\n\t\t\n\n<h6>PRE\u021aURI COMPTETITIVE<\/h6>\n\t\t\n<style>\n#text-1970097371 {\n  font-size: 1.25rem;\n}\n<\/style>\n\t<\/div>\n\t\n\n\t\t<\/div>\n\t<\/div>\n\t\n\t\n\t<div id=\"gap-1507038388\" class=\"gap-element clearfix\" style=\"display:block; height:auto;\">\n\t\t\n<style>\n#gap-1507038388 {\n  padding-top: 15px;\n}\n<\/style>\n\t<\/div>\n\t\r\n\r\nSV-HOTEL SUPPLIES este specializat\u0103 la provizii pentru hoteluri, de aceea putem produce \u0219i transporta cantit\u0103\u021bi mari cu termeni favorabili. Oferim pre\u021buri competitive \u0219i le transfer\u0103m \u00eentotdeauna clien\u021bilor no\u0219tri!\n\n\t\t<\/div>\n\t\t\t\t\t<\/div>\n\n\t\n\n<\/div>\n\n\t\t<\/div>\n\n\t\t\n<style>\n#section_455849150 {\n  padding-top: 30px;\n  padding-bottom: 30px;\n}\n<\/style>\n\t<\/section>\n\t\n\n\t<section class=\"section\" id=\"section_27420703\">\n\t\t<div class=\"section-bg fill\" >\n\t\t\t\t\t\t\t\t\t\n\t\t\t\n\n\t\t<\/div>\n\n\t\t\n\n\t\t<div class=\"section-content relative\">\n\t\t\t\n\n<div class=\"row row-large\"  id=\"row-1680407255\">\n\n\n\t<div id=\"col-1596515872\" class=\"col medium-12 small-12 large-5\"  >\n\t\t\t\t<div class=\"col-inner\"  >\n\t\t\t\n\t\t\t\n\n\t<div id=\"gap-1337911185\" class=\"gap-element clearfix\" style=\"display:block; height:auto;\">\n\t\t\n<style>\n#gap-1337911185 {\n  padding-top: 30px;\n}\n<\/style>\n\t<\/div>\n\t\n\n\t<div id=\"text-821272240\" class=\"text\">\n\t\t\n\n<h3>CALITATE, CREDIBILITATE, DISPONIBILITATE<\/h3>\n\t\t\n<style>\n#text-821272240 {\n  font-size: 1.5rem;\n}\n<\/style>\n\t<\/div>\n\t\nCalitatea noastr\u0103 extraordinar\u0103, credibilitatea \u0219i capacit\u0103\u021bile noastre, precum \u0219i disponibilitatea rapid\u0103 a produselor noastre, constituie baza succesului nostru \u0219i v\u0103 ofer\u0103 un avantaj special.\n\n\t\t<\/div>\n\t\t\t\t\n<style>\n#col-1596515872 > .col-inner {\n  padding: 0px 0px 0px 0px;\n}\n@media (min-width:550px) {\n  #col-1596515872 > .col-inner {\n    padding: 0px 0px 0px 0px;\n  }\n}\n<\/style>\n\t<\/div>\n\n\t\n\n\t<div id=\"col-58596764\" class=\"col medium-12 small-12 large-7 medium-col-first\"  >\n\t\t\t\t<div class=\"col-inner\"  >\n\t\t\t\n\t\t\t\n\n\t<div class=\"img has-hover x md-x lg-x y md-y lg-y\" id=\"image_618717820\">\n\t\t\t\t\t\t\t\t<div class=\"img-inner image-cover dark\" style=\"padding-top:400px;\">\n\t\t\t<img loading=\"lazy\" decoding=\"async\" width=\"1020\" height=\"574\" src=\"https:\/\/sv-hotelsupplies.com\/wp-content\/uploads\/2022\/01\/savil_hotel_amenities_front_2-1024x576.jpeg\" class=\"attachment-large size-large\" alt=\"\" srcset=\"https:\/\/sv-hotelsupplies.com\/wp-content\/uploads\/2022\/01\/savil_hotel_amenities_front_2-1024x576.jpeg 1024w, https:\/\/sv-hotelsupplies.com\/wp-content\/uploads\/2022\/01\/savil_hotel_amenities_front_2-300x169.jpeg 300w, https:\/\/sv-hotelsupplies.com\/wp-content\/uploads\/2022\/01\/savil_hotel_amenities_front_2-768x432.jpeg 768w, https:\/\/sv-hotelsupplies.com\/wp-content\/uploads\/2022\/01\/savil_hotel_amenities_front_2-1536x864.jpeg 1536w, https:\/\/sv-hotelsupplies.com\/wp-content\/uploads\/2022\/01\/savil_hotel_amenities_front_2-510x287.jpeg 510w, https:\/\/sv-hotelsupplies.com\/wp-content\/uploads\/2022\/01\/savil_hotel_amenities_front_2.jpeg 1920w\" sizes=\"auto, (max-width: 1020px) 100vw, 1020px\" \/>\t\t\t\t\t\t\n\t\t\t\t\t<\/div>\n\t\t\t\t\t\t\t\t\n<style>\n#image_618717820 {\n  width: 100%;\n}\n<\/style>\n\t<\/div>\n\t\n\n\n\t\t<\/div>\n\t\t\t\t\t<\/div>\n\n\t\n\n<\/div>\n\n\t\t<\/div>\n\n\t\t\n<style>\n#section_27420703 {\n  padding-top: 30px;\n  padding-bottom: 30px;\n}\n<\/style>\n\t<\/section>\n\t\n\n\t<section class=\"section\" id=\"section_1390639076\">\n\t\t<div class=\"section-bg fill\" >\n\t\t\t\t\t\t\t\t\t\n\t\t\t\n\n\t\t<\/div>\n\n\t\t\n\n\t\t<div class=\"section-content relative\">\n\t\t\t\n\n<div class=\"row\"  id=\"row-380639256\">\n\n\n\t<div id=\"col-281532091\" class=\"col medium-7 small-12 large-5\"  >\n\t\t\t\t<div class=\"col-inner text-left\"  >\n\t\t\t\n\t\t\t\n\n\n\t\t<div class=\"icon-box featured-box icon-box-left text-left\"  >\n\t\t\t\t\t<div class=\"icon-box-img\" style=\"width: 30px\">\n\t\t\t\t<div class=\"icon\">\n\t\t\t\t\t<div class=\"icon-inner\" >\n\t\t\t\t\t\t<img loading=\"lazy\" decoding=\"async\" width=\"120\" height=\"120\" src=\"https:\/\/sv-hotelsupplies.com\/wp-content\/uploads\/2022\/01\/archive-line-2.png\" class=\"attachment-medium size-medium\" alt=\"\" srcset=\"https:\/\/sv-hotelsupplies.com\/wp-content\/uploads\/2022\/01\/archive-line-2.png 120w, https:\/\/sv-hotelsupplies.com\/wp-content\/uploads\/2022\/01\/archive-line-2-100x100.png 100w\" sizes=\"auto, (max-width: 120px) 100vw, 120px\" \/>\t\t\t\t\t<\/div>\n\t\t\t\t<\/div>\n\t\t\t<\/div>\n\t\t\t\t<div class=\"icon-box-text last-reset\">\n\t\t\t\t\t\t\t\t\t\n\n\t<div id=\"gap-1848742469\" class=\"gap-element clearfix\" style=\"display:block; height:auto;\">\n\t\t\n<style>\n#gap-1848742469 {\n  padding-top: 5px;\n}\n<\/style>\n\t<\/div>\n\t\n\n\t<div id=\"text-1051843120\" class=\"text\">\n\t\t\n\n<h6>Produse<\/h6>\n\t\t\n<style>\n#text-1051843120 {\n  font-size: 1.25rem;\n}\n<\/style>\n\t<\/div>\n\t\n\n\t\t<\/div>\n\t<\/div>\n\t\n\t\n\t<div id=\"gap-174543640\" class=\"gap-element clearfix\" style=\"display:block; height:auto;\">\n\t\t\n<style>\n#gap-174543640 {\n  padding-top: 15px;\n}\n<\/style>\n\t<\/div>\n\t\r\n\r\nPrin contactul str\u00e2ns cu clien\u021bii no\u0219tri, dezvolt\u0103m permanent produse noi \u0219i adapt\u0103m permanent seriile produselor noastre la nevoile curente a fiec\u0103rui client. Implement\u0103m solicit\u0103ri izolate de produse, deoarece ideile dvs. sunt importante pentru noi!\r\n\r\nVe\u021bi avea o serie de provizii pentru hoteluri care este adaptat\u0103 cu exactitate nevoilor dvs.\n\n\t\t<\/div>\n\t\t\t\t\t<\/div>\n\n\t\n\n\t<div id=\"col-1287384160\" class=\"col medium-8 small-12 large-2\"  >\n\t\t\t\t<div class=\"col-inner\"  >\n\t\t\t\n\t\t\t\n\n<div class=\"text-center\"><div class=\"is-divider divider clearfix\" style=\"max-width:60%;height:2px;background-color:rgb(41, 56, 71);\"><\/div><\/div>\n\n\n\t\t<\/div>\n\t\t\t\t\t<\/div>\n\n\t\n\n\t<div id=\"col-62350379\" class=\"col medium-7 small-12 large-5\"  >\n\t\t\t\t<div class=\"col-inner\"  >\n\t\t\t\n\t\t\t\n\n\n\t\t<div class=\"icon-box featured-box icon-box-left text-left\"  >\n\t\t\t\t\t<div class=\"icon-box-img\" style=\"width: 30px\">\n\t\t\t\t<div class=\"icon\">\n\t\t\t\t\t<div class=\"icon-inner\" >\n\t\t\t\t\t\t<img loading=\"lazy\" decoding=\"async\" width=\"120\" height=\"120\" src=\"https:\/\/sv-hotelsupplies.com\/wp-content\/uploads\/2022\/01\/archive-line-2.png\" class=\"attachment-medium size-medium\" alt=\"\" srcset=\"https:\/\/sv-hotelsupplies.com\/wp-content\/uploads\/2022\/01\/archive-line-2.png 120w, https:\/\/sv-hotelsupplies.com\/wp-content\/uploads\/2022\/01\/archive-line-2-100x100.png 100w\" sizes=\"auto, (max-width: 120px) 100vw, 120px\" \/>\t\t\t\t\t<\/div>\n\t\t\t\t<\/div>\n\t\t\t<\/div>\n\t\t\t\t<div class=\"icon-box-text last-reset\">\n\t\t\t\t\t\t\t\t\t\n\n\t<div id=\"gap-1787200329\" class=\"gap-element clearfix\" style=\"display:block; height:auto;\">\n\t\t\n<style>\n#gap-1787200329 {\n  padding-top: 5px;\n}\n<\/style>\n\t<\/div>\n\t\n\n\t<div id=\"text-2720127740\" class=\"text\">\n\t\t\n\n<h6>Respectarea termenelor<\/h6>\n\t\t\n<style>\n#text-2720127740 {\n  font-size: 1.25rem;\n}\n<\/style>\n\t<\/div>\n\t\n\n\t\t<\/div>\n\t<\/div>\n\t\n\t\n\t<div id=\"gap-648427223\" class=\"gap-element clearfix\" style=\"display:block; height:auto;\">\n\t\t\n<style>\n#gap-648427223 {\n  padding-top: 15px;\n}\n<\/style>\n\t<\/div>\n\t\r\n\r\nSV-HOTEL SUPPLIES garanteaz\u0103 livrarea direct\u0103 \u00een tip util datorit\u0103 depozitului ei larg \u0219i a comenzilor succesive repetitive. \u00cen cazul comenzilor individualizate, urm\u0103rim permanent datele \u0219i v\u0103 inform\u0103m corespunz\u0103tor. Timpul de livrare \u00een cazul comenzilor individualizate este p\u00e2n\u0103 la 95 de zile. Nu avem posibilitatea s\u0103 garant\u0103m timpul de livrare \u00een caz de grev\u0103 la porturi sau v\u0103mi sau \u00een caz de alt eveniment extraordinar pe durata transportului.\n\n\t\t<\/div>\n\t\t\t\t\t<\/div>\n\n\t\n\n<\/div>\n\n\t\t<\/div>\n\n\t\t\n<style>\n#section_1390639076 {\n  padding-top: 30px;\n  padding-bottom: 30px;\n}\n<\/style>\n\t<\/section>\n\t","protected":false},"excerpt":{"rendered":"","protected":false},"author":2,"featured_media":0,"parent":0,"menu_order":0,"comment_status":"closed","ping_status":"closed","template":"","meta":{"_acf_changed":false,"footnotes":""},"class_list":["post-987","page","type-page","status-publish","hentry"],"acf":[],"_links":{"self":[{"href":"https:\/\/sv-hotelsupplies.com\/ro\/wp-json\/wp\/v2\/pages\/987","targetHints":{"allow":["GET"]}}],"collection":[{"href":"https:\/\/sv-hotelsupplies.com\/ro\/wp-json\/wp\/v2\/pages"}],"about":[{"href":"https:\/\/sv-hotelsupplies.com\/ro\/wp-json\/wp\/v2\/types\/page"}],"author":[{"embeddable":true,"href":"https:\/\/sv-hotelsupplies.com\/ro\/wp-json\/wp\/v2\/users\/2"}],"replies":[{"embeddable":true,"href":"https:\/\/sv-hotelsupplies.com\/ro\/wp-json\/wp\/v2\/comments?post=987"}],"version-history":[{"count":4,"href":"https:\/\/sv-hotelsupplies.com\/ro\/wp-json\/wp\/v2\/pages\/987\/revisions"}],"predecessor-version":[{"id":1168,"href":"https:\/\/sv-hotelsupplies.com\/ro\/wp-json\/wp\/v2\/pages\/987\/revisions\/1168"}],"wp:attachment":[{"href":"https:\/\/sv-hotelsupplies.com\/ro\/wp-json\/wp\/v2\/media?parent=987"}],"curies":[{"name":"wp","href":"https:\/\/api.w.org\/{rel}","templated":true}]}}