{"id":456,"date":"2022-01-23T09:37:02","date_gmt":"2022-01-23T09:37:02","guid":{"rendered":"https:\/\/sv-hotelsupplies.com\/product\/k134-set-carpa-de-lustruit-pantofi-in-cutie-de-carton"},"modified":"2022-01-23T11:13:02","modified_gmt":"2022-01-23T11:13:02","slug":"k134-set-carpa-de-lustruit-pantofi-in-cutie-de-carton","status":"publish","type":"product","link":"https:\/\/sv-hotelsupplies.com\/ro\/produs\/k134-set-carpa-de-lustruit-pantofi-in-cutie-de-carton","title":{"rendered":"K134  Set c\u00e2rp\u0103 de lustruit pantofi \u00een cutie de carton"},"content":{"rendered":"<p>C\u00e2rpa de lustruit permite oaspe\u021bilor dvs. s\u0103 fac\u0103 o cur\u0103\u021bare rapid\u0103 a pantofilor lor, poate \u00eenaintea unei \u00eent\u00e2lniri profesionale sau dup\u0103 vizitarea obiectivelor turistice. Este ideal\u0103 pentru toate culorile de pantofi \u0219i este ambalat \u00eentr-o cutie elegant\u0103 design propriu de culoare neagr\u0103.<\/p>\n","protected":false},"excerpt":{"rendered":"<p>C\u00e2rpa de lustruit permite oaspe\u021bilor dvs. s\u0103 fac\u0103 o cur\u0103\u021bare rapid\u0103 a pantofilor lor, poate \u00eenaintea unei \u00eent\u00e2lniri profesionale sau dup\u0103 vizitarea obiectivelor turistice. Este ideal\u0103 pentru toate culorile de pantofi \u0219i este ambalat \u00eentr-o cutie elegant\u0103 design propriu de culoare neagr\u0103.<\/p>\n","protected":false},"featured_media":454,"comment_status":"open","ping_status":"closed","template":"","meta":{"_acf_changed":false},"product_brand":[],"product_cat":[15],"product_tag":[],"class_list":{"0":"post-456","1":"product","2":"type-product","3":"status-publish","4":"has-post-thumbnail","6":"product_cat-uncategorized","8":"first","9":"instock","10":"taxable","11":"shipping-taxable","12":"purchasable","13":"product-type-simple"},"acf":[],"_links":{"self":[{"href":"https:\/\/sv-hotelsupplies.com\/ro\/wp-json\/wp\/v2\/product\/456","targetHints":{"allow":["GET"]}}],"collection":[{"href":"https:\/\/sv-hotelsupplies.com\/ro\/wp-json\/wp\/v2\/product"}],"about":[{"href":"https:\/\/sv-hotelsupplies.com\/ro\/wp-json\/wp\/v2\/types\/product"}],"replies":[{"embeddable":true,"href":"https:\/\/sv-hotelsupplies.com\/ro\/wp-json\/wp\/v2\/comments?post=456"}],"wp:featuredmedia":[{"embeddable":true,"href":"https:\/\/sv-hotelsupplies.com\/ro\/wp-json\/wp\/v2\/media\/454"}],"wp:attachment":[{"href":"https:\/\/sv-hotelsupplies.com\/ro\/wp-json\/wp\/v2\/media?parent=456"}],"wp:term":[{"taxonomy":"product_brand","embeddable":true,"href":"https:\/\/sv-hotelsupplies.com\/ro\/wp-json\/wp\/v2\/product_brand?post=456"},{"taxonomy":"product_cat","embeddable":true,"href":"https:\/\/sv-hotelsupplies.com\/ro\/wp-json\/wp\/v2\/product_cat?post=456"},{"taxonomy":"product_tag","embeddable":true,"href":"https:\/\/sv-hotelsupplies.com\/ro\/wp-json\/wp\/v2\/product_tag?post=456"}],"curies":[{"name":"wp","href":"https:\/\/api.w.org\/{rel}","templated":true}]}}