{"id":462,"date":"2022-01-23T11:15:28","date_gmt":"2022-01-23T11:15:28","guid":{"rendered":"https:\/\/sv-hotelsupplies.com\/product\/k28m-boneta-pentru-baie-set-ingrijire-si-set-de-cusut-in-cutie-de-carton"},"modified":"2022-01-23T11:18:35","modified_gmt":"2022-01-23T11:18:35","slug":"k28m-boneta-pentru-baie-set-ingrijire-si-set-de-cusut-in-cutie-de-carton","status":"publish","type":"product","link":"https:\/\/sv-hotelsupplies.com\/ro\/produs\/k28m-boneta-pentru-baie-set-ingrijire-si-set-de-cusut-in-cutie-de-carton","title":{"rendered":"K28M  Bonet\u0103 pentru baie, set \u00eengrijire \u0219i set de cusut \u00een cutie de carton"},"content":{"rendered":"<p>Combina\u021bie de accesorii necesare (bonet\u0103 pentru baie, set \u00eengrijire \u0219i set de cusut) care trebuie s\u0103 existe \u00een fiecare camer\u0103 de hotel. Ambalat \u00een cutie elegant\u0103 de design propriu de culoare bej.<\/p>\n","protected":false},"excerpt":{"rendered":"<p>Combina\u021bie de accesorii necesare (bonet\u0103 pentru baie, set \u00eengrijire \u0219i set de cusut) care trebuie s\u0103 existe \u00een fiecare camer\u0103 de hotel. Ambalat \u00een cutie elegant\u0103 de design propriu de culoare bej.<\/p>\n","protected":false},"featured_media":460,"comment_status":"open","ping_status":"closed","template":"","meta":{"_acf_changed":false},"product_brand":[],"product_cat":[54,55,15],"product_tag":[],"class_list":{"0":"post-462","1":"product","2":"type-product","3":"status-publish","4":"has-post-thumbnail","6":"product_cat-amenities-ro","7":"product_cat-produse-amenities","8":"product_cat-uncategorized","10":"first","11":"instock","12":"featured","13":"taxable","14":"shipping-taxable","15":"purchasable","16":"product-type-simple"},"acf":[],"_links":{"self":[{"href":"https:\/\/sv-hotelsupplies.com\/ro\/wp-json\/wp\/v2\/product\/462","targetHints":{"allow":["GET"]}}],"collection":[{"href":"https:\/\/sv-hotelsupplies.com\/ro\/wp-json\/wp\/v2\/product"}],"about":[{"href":"https:\/\/sv-hotelsupplies.com\/ro\/wp-json\/wp\/v2\/types\/product"}],"replies":[{"embeddable":true,"href":"https:\/\/sv-hotelsupplies.com\/ro\/wp-json\/wp\/v2\/comments?post=462"}],"wp:featuredmedia":[{"embeddable":true,"href":"https:\/\/sv-hotelsupplies.com\/ro\/wp-json\/wp\/v2\/media\/460"}],"wp:attachment":[{"href":"https:\/\/sv-hotelsupplies.com\/ro\/wp-json\/wp\/v2\/media?parent=462"}],"wp:term":[{"taxonomy":"product_brand","embeddable":true,"href":"https:\/\/sv-hotelsupplies.com\/ro\/wp-json\/wp\/v2\/product_brand?post=462"},{"taxonomy":"product_cat","embeddable":true,"href":"https:\/\/sv-hotelsupplies.com\/ro\/wp-json\/wp\/v2\/product_cat?post=462"},{"taxonomy":"product_tag","embeddable":true,"href":"https:\/\/sv-hotelsupplies.com\/ro\/wp-json\/wp\/v2\/product_tag?post=462"}],"curies":[{"name":"wp","href":"https:\/\/api.w.org\/{rel}","templated":true}]}}