{"id":468,"date":"2022-01-23T11:20:37","date_gmt":"2022-01-23T11:20:37","guid":{"rendered":"https:\/\/sv-hotelsupplies.com\/product\/k29m-boneta-pentru-baie-si-set-ingrijire-in-cutie-de-carton"},"modified":"2022-01-23T11:23:17","modified_gmt":"2022-01-23T11:23:17","slug":"k29m-boneta-pentru-baie-si-set-ingrijire-in-cutie-de-carton","status":"publish","type":"product","link":"https:\/\/sv-hotelsupplies.com\/ro\/produs\/k29m-boneta-pentru-baie-si-set-ingrijire-in-cutie-de-carton","title":{"rendered":"K29M  Bonet\u0103 pentru baie \u0219i set \u00eengrijire \u00een cutie de carton"},"content":{"rendered":"<p>Combina\u021bie de accesorii necesare (bonet\u0103 pentru baie \u0219i set \u00eengrijire) care trebuie s\u0103 existe \u00een fiecare camer\u0103 de hotel. Ambalat \u00een cutie elegant\u0103 de design propriu de culoare bej.<\/p>\n","protected":false},"excerpt":{"rendered":"<p>Combina\u021bie de accesorii necesare (bonet\u0103 pentru baie \u0219i set \u00eengrijire) care trebuie s\u0103 existe \u00een fiecare camer\u0103 de hotel. Ambalat \u00een cutie elegant\u0103 de design propriu de culoare bej.<\/p>\n","protected":false},"featured_media":466,"comment_status":"open","ping_status":"closed","template":"","meta":{"_acf_changed":false},"product_brand":[],"product_cat":[15],"product_tag":[],"class_list":{"0":"post-468","1":"product","2":"type-product","3":"status-publish","4":"has-post-thumbnail","6":"product_cat-uncategorized","8":"first","9":"instock","10":"taxable","11":"shipping-taxable","12":"purchasable","13":"product-type-simple"},"acf":[],"_links":{"self":[{"href":"https:\/\/sv-hotelsupplies.com\/ro\/wp-json\/wp\/v2\/product\/468","targetHints":{"allow":["GET"]}}],"collection":[{"href":"https:\/\/sv-hotelsupplies.com\/ro\/wp-json\/wp\/v2\/product"}],"about":[{"href":"https:\/\/sv-hotelsupplies.com\/ro\/wp-json\/wp\/v2\/types\/product"}],"replies":[{"embeddable":true,"href":"https:\/\/sv-hotelsupplies.com\/ro\/wp-json\/wp\/v2\/comments?post=468"}],"wp:featuredmedia":[{"embeddable":true,"href":"https:\/\/sv-hotelsupplies.com\/ro\/wp-json\/wp\/v2\/media\/466"}],"wp:attachment":[{"href":"https:\/\/sv-hotelsupplies.com\/ro\/wp-json\/wp\/v2\/media?parent=468"}],"wp:term":[{"taxonomy":"product_brand","embeddable":true,"href":"https:\/\/sv-hotelsupplies.com\/ro\/wp-json\/wp\/v2\/product_brand?post=468"},{"taxonomy":"product_cat","embeddable":true,"href":"https:\/\/sv-hotelsupplies.com\/ro\/wp-json\/wp\/v2\/product_cat?post=468"},{"taxonomy":"product_tag","embeddable":true,"href":"https:\/\/sv-hotelsupplies.com\/ro\/wp-json\/wp\/v2\/product_tag?post=468"}],"curies":[{"name":"wp","href":"https:\/\/api.w.org\/{rel}","templated":true}]}}