{"id":487,"date":"2022-01-23T11:35:20","date_gmt":"2022-01-23T11:35:20","guid":{"rendered":"https:\/\/sv-hotelsupplies.com\/product\/k32m-set-de-cusut-in-cutie-de-carton"},"modified":"2022-01-23T11:42:12","modified_gmt":"2022-01-23T11:42:12","slug":"k32m-set-de-cusut-in-cutie-de-carton","status":"publish","type":"product","link":"https:\/\/sv-hotelsupplies.com\/ro\/produs\/k32m-set-de-cusut-in-cutie-de-carton","title":{"rendered":"K32M  Set de cusut \u00een cutie de carton"},"content":{"rendered":"<p>Nu l\u0103sa\u021bi oaspe\u021bii dvs. dispera\u021bi atunci c\u00e2nd sl\u0103be\u0219te un nasture sau se scoate un tiv \u00eentr-un moment jenant. Pot face o repara\u021bie rapid\u0103 folosind setul nostru de cusut. Ambalat \u00een cutie elegant\u0103 de design propriu de culoare bej.<\/p>\n","protected":false},"excerpt":{"rendered":"<p>Nu l\u0103sa\u021bi oaspe\u021bii dvs. dispera\u021bi atunci c\u00e2nd sl\u0103be\u0219te un nasture sau se scoate un tiv \u00eentr-un moment jenant. Pot face o repara\u021bie rapid\u0103 folosind setul nostru de cusut. Ambalat \u00een cutie elegant\u0103 de design propriu de culoare bej.<\/p>\n","protected":false},"featured_media":485,"comment_status":"open","ping_status":"closed","template":"","meta":{"_acf_changed":false},"product_brand":[],"product_cat":[15],"product_tag":[],"class_list":{"0":"post-487","1":"product","2":"type-product","3":"status-publish","4":"has-post-thumbnail","6":"product_cat-uncategorized","8":"first","9":"instock","10":"taxable","11":"shipping-taxable","12":"purchasable","13":"product-type-simple"},"acf":[],"_links":{"self":[{"href":"https:\/\/sv-hotelsupplies.com\/ro\/wp-json\/wp\/v2\/product\/487","targetHints":{"allow":["GET"]}}],"collection":[{"href":"https:\/\/sv-hotelsupplies.com\/ro\/wp-json\/wp\/v2\/product"}],"about":[{"href":"https:\/\/sv-hotelsupplies.com\/ro\/wp-json\/wp\/v2\/types\/product"}],"replies":[{"embeddable":true,"href":"https:\/\/sv-hotelsupplies.com\/ro\/wp-json\/wp\/v2\/comments?post=487"}],"wp:featuredmedia":[{"embeddable":true,"href":"https:\/\/sv-hotelsupplies.com\/ro\/wp-json\/wp\/v2\/media\/485"}],"wp:attachment":[{"href":"https:\/\/sv-hotelsupplies.com\/ro\/wp-json\/wp\/v2\/media?parent=487"}],"wp:term":[{"taxonomy":"product_brand","embeddable":true,"href":"https:\/\/sv-hotelsupplies.com\/ro\/wp-json\/wp\/v2\/product_brand?post=487"},{"taxonomy":"product_cat","embeddable":true,"href":"https:\/\/sv-hotelsupplies.com\/ro\/wp-json\/wp\/v2\/product_cat?post=487"},{"taxonomy":"product_tag","embeddable":true,"href":"https:\/\/sv-hotelsupplies.com\/ro\/wp-json\/wp\/v2\/product_tag?post=487"}],"curies":[{"name":"wp","href":"https:\/\/api.w.org\/{rel}","templated":true}]}}