{"id":507,"date":"2022-01-23T11:53:34","date_gmt":"2022-01-23T11:53:34","guid":{"rendered":"https:\/\/sv-hotelsupplies.com\/product\/k74m-set-burete-lufa-in-cutie-de-carton"},"modified":"2022-01-23T11:55:42","modified_gmt":"2022-01-23T11:55:42","slug":"k74m-set-burete-lufa-in-cutie-de-carton","status":"publish","type":"product","link":"https:\/\/sv-hotelsupplies.com\/ro\/produs\/k74m-set-burete-lufa-in-cutie-de-carton","title":{"rendered":"K74M  Set burete lufa \u00een cutie de carton"},"content":{"rendered":"<p>Buretele lufa natural este accesoriul perfect de lux \u00een baia oaspe\u021bilor dvs. pentru o exfoliere u\u0219oar\u0103 sau masaj a pielii. Ambalat \u00een cutie elegant\u0103 de design propriu de culoare bej.<\/p>\n","protected":false},"excerpt":{"rendered":"<p>Buretele lufa natural este accesoriul perfect de lux \u00een baia oaspe\u021bilor dvs. pentru o exfoliere u\u0219oar\u0103 sau masaj a pielii. Ambalat \u00een cutie elegant\u0103 de design propriu de culoare bej.<\/p>\n","protected":false},"featured_media":504,"comment_status":"open","ping_status":"closed","template":"","meta":{"_acf_changed":false},"product_brand":[],"product_cat":[15],"product_tag":[],"class_list":{"0":"post-507","1":"product","2":"type-product","3":"status-publish","4":"has-post-thumbnail","6":"product_cat-uncategorized","8":"first","9":"instock","10":"taxable","11":"shipping-taxable","12":"purchasable","13":"product-type-simple"},"acf":[],"_links":{"self":[{"href":"https:\/\/sv-hotelsupplies.com\/ro\/wp-json\/wp\/v2\/product\/507","targetHints":{"allow":["GET"]}}],"collection":[{"href":"https:\/\/sv-hotelsupplies.com\/ro\/wp-json\/wp\/v2\/product"}],"about":[{"href":"https:\/\/sv-hotelsupplies.com\/ro\/wp-json\/wp\/v2\/types\/product"}],"replies":[{"embeddable":true,"href":"https:\/\/sv-hotelsupplies.com\/ro\/wp-json\/wp\/v2\/comments?post=507"}],"wp:featuredmedia":[{"embeddable":true,"href":"https:\/\/sv-hotelsupplies.com\/ro\/wp-json\/wp\/v2\/media\/504"}],"wp:attachment":[{"href":"https:\/\/sv-hotelsupplies.com\/ro\/wp-json\/wp\/v2\/media?parent=507"}],"wp:term":[{"taxonomy":"product_brand","embeddable":true,"href":"https:\/\/sv-hotelsupplies.com\/ro\/wp-json\/wp\/v2\/product_brand?post=507"},{"taxonomy":"product_cat","embeddable":true,"href":"https:\/\/sv-hotelsupplies.com\/ro\/wp-json\/wp\/v2\/product_cat?post=507"},{"taxonomy":"product_tag","embeddable":true,"href":"https:\/\/sv-hotelsupplies.com\/ro\/wp-json\/wp\/v2\/product_tag?post=507"}],"curies":[{"name":"wp","href":"https:\/\/api.w.org\/{rel}","templated":true}]}}