{"id":513,"date":"2022-01-23T11:57:48","date_gmt":"2022-01-23T11:57:48","guid":{"rendered":"https:\/\/sv-hotelsupplies.com\/product\/k132m-set-burete-de-lustruit-pantofi-in-cutie-de-carton"},"modified":"2022-01-23T11:59:49","modified_gmt":"2022-01-23T11:59:49","slug":"k132m-set-burete-de-lustruit-pantofi-in-cutie-de-carton","status":"publish","type":"product","link":"https:\/\/sv-hotelsupplies.com\/ro\/produs\/k132m-set-burete-de-lustruit-pantofi-in-cutie-de-carton","title":{"rendered":"K132M  Set burete de lustruit pantofi \u00een cutie de carton"},"content":{"rendered":"<p>Buretele de lustruit permite oaspe\u021bilor dvs. s\u0103 fac\u0103 o cur\u0103\u021bare rapid\u0103 a pantofilor lor, poate \u00eenaintea unei \u00eent\u00e2lniri profesionale sau dup\u0103 vizitarea obiectivelor turistice. Este ideal pentru toate culorile de pantofi \u0219i este ambalat \u00eentr-o cutie elegant\u0103 design propriu de culoare bej.<\/p>\n","protected":false},"excerpt":{"rendered":"<p>Buretele de lustruit permite oaspe\u021bilor dvs. s\u0103 fac\u0103 o cur\u0103\u021bare rapid\u0103 a pantofilor lor, poate \u00eenaintea unei \u00eent\u00e2lniri profesionale sau dup\u0103 vizitarea obiectivelor turistice. Este ideal pentru toate culorile de pantofi \u0219i este ambalat \u00eentr-o cutie elegant\u0103 design propriu de culoare bej.<\/p>\n","protected":false},"featured_media":511,"comment_status":"open","ping_status":"closed","template":"","meta":{"_acf_changed":false},"product_brand":[],"product_cat":[15],"product_tag":[],"class_list":{"0":"post-513","1":"product","2":"type-product","3":"status-publish","4":"has-post-thumbnail","6":"product_cat-uncategorized","8":"first","9":"instock","10":"taxable","11":"shipping-taxable","12":"purchasable","13":"product-type-simple"},"acf":[],"_links":{"self":[{"href":"https:\/\/sv-hotelsupplies.com\/ro\/wp-json\/wp\/v2\/product\/513","targetHints":{"allow":["GET"]}}],"collection":[{"href":"https:\/\/sv-hotelsupplies.com\/ro\/wp-json\/wp\/v2\/product"}],"about":[{"href":"https:\/\/sv-hotelsupplies.com\/ro\/wp-json\/wp\/v2\/types\/product"}],"replies":[{"embeddable":true,"href":"https:\/\/sv-hotelsupplies.com\/ro\/wp-json\/wp\/v2\/comments?post=513"}],"wp:featuredmedia":[{"embeddable":true,"href":"https:\/\/sv-hotelsupplies.com\/ro\/wp-json\/wp\/v2\/media\/511"}],"wp:attachment":[{"href":"https:\/\/sv-hotelsupplies.com\/ro\/wp-json\/wp\/v2\/media?parent=513"}],"wp:term":[{"taxonomy":"product_brand","embeddable":true,"href":"https:\/\/sv-hotelsupplies.com\/ro\/wp-json\/wp\/v2\/product_brand?post=513"},{"taxonomy":"product_cat","embeddable":true,"href":"https:\/\/sv-hotelsupplies.com\/ro\/wp-json\/wp\/v2\/product_cat?post=513"},{"taxonomy":"product_tag","embeddable":true,"href":"https:\/\/sv-hotelsupplies.com\/ro\/wp-json\/wp\/v2\/product_tag?post=513"}],"curies":[{"name":"wp","href":"https:\/\/api.w.org\/{rel}","templated":true}]}}