{"id":519,"date":"2022-01-23T12:17:54","date_gmt":"2022-01-23T12:17:54","guid":{"rendered":"https:\/\/sv-hotelsupplies.com\/product\/k135m-masca-de-somn-in-cutie-de-carton"},"modified":"2022-01-23T12:19:58","modified_gmt":"2022-01-23T12:19:58","slug":"k135m-masca-de-somn-in-cutie-de-carton","status":"publish","type":"product","link":"https:\/\/sv-hotelsupplies.com\/ro\/produs\/k135m-masca-de-somn-in-cutie-de-carton","title":{"rendered":"K135M  Masc\u0103 de somn \u00een cutie de carton"},"content":{"rendered":"<p>Un mod economic \u0219i eficient ca s\u0103 ajuta\u021bi oaspe\u021bii dvs. s\u0103 doarme mai bine noaptea sau s\u0103 doarm\u0103 \u00een timpul zilei. Ambalat \u00een cutie elegant\u0103 de design propriu de culoare bej.<\/p>\n","protected":false},"excerpt":{"rendered":"<p>Un mod economic \u0219i eficient ca s\u0103 ajuta\u021bi oaspe\u021bii dvs. s\u0103 doarme mai bine noaptea sau s\u0103 doarm\u0103 \u00een timpul zilei. Ambalat \u00een cutie elegant\u0103 de design propriu de culoare bej.<\/p>\n","protected":false},"featured_media":517,"comment_status":"open","ping_status":"closed","template":"","meta":{"_acf_changed":false},"product_brand":[],"product_cat":[15],"product_tag":[],"class_list":{"0":"post-519","1":"product","2":"type-product","3":"status-publish","4":"has-post-thumbnail","6":"product_cat-uncategorized","8":"first","9":"instock","10":"taxable","11":"shipping-taxable","12":"purchasable","13":"product-type-simple"},"acf":[],"_links":{"self":[{"href":"https:\/\/sv-hotelsupplies.com\/ro\/wp-json\/wp\/v2\/product\/519","targetHints":{"allow":["GET"]}}],"collection":[{"href":"https:\/\/sv-hotelsupplies.com\/ro\/wp-json\/wp\/v2\/product"}],"about":[{"href":"https:\/\/sv-hotelsupplies.com\/ro\/wp-json\/wp\/v2\/types\/product"}],"replies":[{"embeddable":true,"href":"https:\/\/sv-hotelsupplies.com\/ro\/wp-json\/wp\/v2\/comments?post=519"}],"wp:featuredmedia":[{"embeddable":true,"href":"https:\/\/sv-hotelsupplies.com\/ro\/wp-json\/wp\/v2\/media\/517"}],"wp:attachment":[{"href":"https:\/\/sv-hotelsupplies.com\/ro\/wp-json\/wp\/v2\/media?parent=519"}],"wp:term":[{"taxonomy":"product_brand","embeddable":true,"href":"https:\/\/sv-hotelsupplies.com\/ro\/wp-json\/wp\/v2\/product_brand?post=519"},{"taxonomy":"product_cat","embeddable":true,"href":"https:\/\/sv-hotelsupplies.com\/ro\/wp-json\/wp\/v2\/product_cat?post=519"},{"taxonomy":"product_tag","embeddable":true,"href":"https:\/\/sv-hotelsupplies.com\/ro\/wp-json\/wp\/v2\/product_tag?post=519"}],"curies":[{"name":"wp","href":"https:\/\/api.w.org\/{rel}","templated":true}]}}