{"id":556,"date":"2022-01-23T12:43:19","date_gmt":"2022-01-23T12:43:19","guid":{"rendered":"https:\/\/sv-hotelsupplies.com\/product\/k30%ce%b1-boneta-pentru-baie-in-cutie-de-carton"},"modified":"2022-01-23T12:44:58","modified_gmt":"2022-01-23T12:44:58","slug":"k30%ce%b1-boneta-pentru-baie-in-cutie-de-carton","status":"publish","type":"product","link":"https:\/\/sv-hotelsupplies.com\/ro\/produs\/k30%ce%b1-boneta-pentru-baie-in-cutie-de-carton","title":{"rendered":"K30\u0391  Bonet\u0103 pentru baie \u00een cutie de carton"},"content":{"rendered":"<p>Articol necesar la baia unui hotel. Nimeni nu vrea s\u0103 \u00ee\u0219i ud\u0103 p\u0103rul c\u00e2nd face du\u0219. Ambalat \u00een cutie elegant\u0103 de design propriu de culoare alb\u0103.<\/p>\n","protected":false},"excerpt":{"rendered":"<p>Articol necesar la baia unui hotel. Nimeni nu vrea s\u0103 \u00ee\u0219i ud\u0103 p\u0103rul c\u00e2nd face du\u0219. Ambalat \u00een cutie elegant\u0103 de design propriu de culoare alb\u0103.<\/p>\n","protected":false},"featured_media":554,"comment_status":"open","ping_status":"closed","template":"","meta":{"_acf_changed":false},"product_brand":[],"product_cat":[15],"product_tag":[],"class_list":{"0":"post-556","1":"product","2":"type-product","3":"status-publish","4":"has-post-thumbnail","6":"product_cat-uncategorized","8":"first","9":"instock","10":"taxable","11":"shipping-taxable","12":"purchasable","13":"product-type-simple"},"acf":[],"_links":{"self":[{"href":"https:\/\/sv-hotelsupplies.com\/ro\/wp-json\/wp\/v2\/product\/556","targetHints":{"allow":["GET"]}}],"collection":[{"href":"https:\/\/sv-hotelsupplies.com\/ro\/wp-json\/wp\/v2\/product"}],"about":[{"href":"https:\/\/sv-hotelsupplies.com\/ro\/wp-json\/wp\/v2\/types\/product"}],"replies":[{"embeddable":true,"href":"https:\/\/sv-hotelsupplies.com\/ro\/wp-json\/wp\/v2\/comments?post=556"}],"wp:featuredmedia":[{"embeddable":true,"href":"https:\/\/sv-hotelsupplies.com\/ro\/wp-json\/wp\/v2\/media\/554"}],"wp:attachment":[{"href":"https:\/\/sv-hotelsupplies.com\/ro\/wp-json\/wp\/v2\/media?parent=556"}],"wp:term":[{"taxonomy":"product_brand","embeddable":true,"href":"https:\/\/sv-hotelsupplies.com\/ro\/wp-json\/wp\/v2\/product_brand?post=556"},{"taxonomy":"product_cat","embeddable":true,"href":"https:\/\/sv-hotelsupplies.com\/ro\/wp-json\/wp\/v2\/product_cat?post=556"},{"taxonomy":"product_tag","embeddable":true,"href":"https:\/\/sv-hotelsupplies.com\/ro\/wp-json\/wp\/v2\/product_tag?post=556"}],"curies":[{"name":"wp","href":"https:\/\/api.w.org\/{rel}","templated":true}]}}