{"id":574,"date":"2022-01-23T12:54:31","date_gmt":"2022-01-23T12:54:31","guid":{"rendered":"https:\/\/sv-hotelsupplies.com\/product\/k33%ce%b1-set-periuta-de-dinti-pasta-de-dinti-in-cutie-de-carton"},"modified":"2022-01-23T12:56:15","modified_gmt":"2022-01-23T12:56:15","slug":"k33%ce%b1-set-periuta-de-dinti-pasta-de-dinti-in-cutie-de-carton","status":"publish","type":"product","link":"https:\/\/sv-hotelsupplies.com\/ro\/produs\/k33%ce%b1-set-periuta-de-dinti-pasta-de-dinti-in-cutie-de-carton","title":{"rendered":"K33\u0391  Set periu\u021b\u0103 de din\u021bi &#8211; past\u0103 de din\u021bi \u00een cutie de carton"},"content":{"rendered":"<p>Cu setul de \u00eengrijire dentar\u0103 pute\u021bi dovedi oaspe\u021bilor dvs. c\u0103 v-a\u021bi g\u00e2ndit cu aten\u021bie la fiecare detaliu. Setul de \u00eengrijire dentar\u0103 este alc\u0103tuit dintr-o periu\u021b\u0103 de din\u021bi \u0219i un tub de past\u0103 de din\u021bi de 6gr. Ambalat \u00een cutie elegant\u0103 de design propriu de culoare alb\u0103.<\/p>\n","protected":false},"excerpt":{"rendered":"<p>Cu setul de \u00eengrijire dentar\u0103 pute\u021bi dovedi oaspe\u021bilor dvs. c\u0103 v-a\u021bi g\u00e2ndit cu aten\u021bie la fiecare detaliu. Setul de \u00eengrijire dentar\u0103 este alc\u0103tuit dintr-o periu\u021b\u0103 de din\u021bi \u0219i un tub de past\u0103 de din\u021bi de 6gr. Ambalat \u00een cutie elegant\u0103 de design propriu de culoare alb\u0103.<\/p>\n","protected":false},"featured_media":572,"comment_status":"open","ping_status":"closed","template":"","meta":{"_acf_changed":false},"product_brand":[],"product_cat":[54,55,15],"product_tag":[],"class_list":{"0":"post-574","1":"product","2":"type-product","3":"status-publish","4":"has-post-thumbnail","6":"product_cat-amenities-ro","7":"product_cat-produse-amenities","8":"product_cat-uncategorized","10":"first","11":"instock","12":"taxable","13":"shipping-taxable","14":"purchasable","15":"product-type-simple"},"acf":[],"_links":{"self":[{"href":"https:\/\/sv-hotelsupplies.com\/ro\/wp-json\/wp\/v2\/product\/574","targetHints":{"allow":["GET"]}}],"collection":[{"href":"https:\/\/sv-hotelsupplies.com\/ro\/wp-json\/wp\/v2\/product"}],"about":[{"href":"https:\/\/sv-hotelsupplies.com\/ro\/wp-json\/wp\/v2\/types\/product"}],"replies":[{"embeddable":true,"href":"https:\/\/sv-hotelsupplies.com\/ro\/wp-json\/wp\/v2\/comments?post=574"}],"wp:featuredmedia":[{"embeddable":true,"href":"https:\/\/sv-hotelsupplies.com\/ro\/wp-json\/wp\/v2\/media\/572"}],"wp:attachment":[{"href":"https:\/\/sv-hotelsupplies.com\/ro\/wp-json\/wp\/v2\/media?parent=574"}],"wp:term":[{"taxonomy":"product_brand","embeddable":true,"href":"https:\/\/sv-hotelsupplies.com\/ro\/wp-json\/wp\/v2\/product_brand?post=574"},{"taxonomy":"product_cat","embeddable":true,"href":"https:\/\/sv-hotelsupplies.com\/ro\/wp-json\/wp\/v2\/product_cat?post=574"},{"taxonomy":"product_tag","embeddable":true,"href":"https:\/\/sv-hotelsupplies.com\/ro\/wp-json\/wp\/v2\/product_tag?post=574"}],"curies":[{"name":"wp","href":"https:\/\/api.w.org\/{rel}","templated":true}]}}