{"id":580,"date":"2022-01-23T12:58:52","date_gmt":"2022-01-23T12:58:52","guid":{"rendered":"https:\/\/sv-hotelsupplies.com\/product\/k34%ce%b1-set-de-barbierit-in-cutie-de-carton"},"modified":"2022-01-23T13:01:01","modified_gmt":"2022-01-23T13:01:01","slug":"k34%ce%b1-set-de-barbierit-in-cutie-de-carton","status":"publish","type":"product","link":"https:\/\/sv-hotelsupplies.com\/ro\/produs\/k34%ce%b1-set-de-barbierit-in-cutie-de-carton","title":{"rendered":"K34\u0391  Set de b\u0103rbierit \u00een cutie de carton"},"content":{"rendered":"<p>Cu setul de b\u0103rbierit pute\u021bi dovedi oaspe\u021bilor dvs. c\u0103 v-a\u021bi g\u00e2ndit cu aten\u021bie la fiecare detaliu. Setul de b\u0103rbierit este alc\u0103tuit dintr-o lam\u0103 dubl\u0103 de b\u0103rbierit \u0219i un tub de crem\u0103 de b\u0103rbierit 10ml. Ambalat \u00een cutie elegant\u0103 de design propriu de culoare alb\u0103.<\/p>\n","protected":false},"excerpt":{"rendered":"<p>Cu setul de b\u0103rbierit pute\u021bi dovedi oaspe\u021bilor dvs. c\u0103 v-a\u021bi g\u00e2ndit cu aten\u021bie la fiecare detaliu. Setul de b\u0103rbierit este alc\u0103tuit dintr-o lam\u0103 dubl\u0103 de b\u0103rbierit \u0219i un tub de crem\u0103 de b\u0103rbierit 10ml. Ambalat \u00een cutie elegant\u0103 de design propriu de culoare alb\u0103.<\/p>\n","protected":false},"featured_media":578,"comment_status":"open","ping_status":"closed","template":"","meta":{"_acf_changed":false},"product_brand":[],"product_cat":[15],"product_tag":[],"class_list":{"0":"post-580","1":"product","2":"type-product","3":"status-publish","4":"has-post-thumbnail","6":"product_cat-uncategorized","8":"first","9":"instock","10":"taxable","11":"shipping-taxable","12":"purchasable","13":"product-type-simple"},"acf":[],"_links":{"self":[{"href":"https:\/\/sv-hotelsupplies.com\/ro\/wp-json\/wp\/v2\/product\/580","targetHints":{"allow":["GET"]}}],"collection":[{"href":"https:\/\/sv-hotelsupplies.com\/ro\/wp-json\/wp\/v2\/product"}],"about":[{"href":"https:\/\/sv-hotelsupplies.com\/ro\/wp-json\/wp\/v2\/types\/product"}],"replies":[{"embeddable":true,"href":"https:\/\/sv-hotelsupplies.com\/ro\/wp-json\/wp\/v2\/comments?post=580"}],"wp:featuredmedia":[{"embeddable":true,"href":"https:\/\/sv-hotelsupplies.com\/ro\/wp-json\/wp\/v2\/media\/578"}],"wp:attachment":[{"href":"https:\/\/sv-hotelsupplies.com\/ro\/wp-json\/wp\/v2\/media?parent=580"}],"wp:term":[{"taxonomy":"product_brand","embeddable":true,"href":"https:\/\/sv-hotelsupplies.com\/ro\/wp-json\/wp\/v2\/product_brand?post=580"},{"taxonomy":"product_cat","embeddable":true,"href":"https:\/\/sv-hotelsupplies.com\/ro\/wp-json\/wp\/v2\/product_cat?post=580"},{"taxonomy":"product_tag","embeddable":true,"href":"https:\/\/sv-hotelsupplies.com\/ro\/wp-json\/wp\/v2\/product_tag?post=580"}],"curies":[{"name":"wp","href":"https:\/\/api.w.org\/{rel}","templated":true}]}}