{"id":599,"date":"2022-01-23T13:20:37","date_gmt":"2022-01-23T13:20:37","guid":{"rendered":"https:\/\/sv-hotelsupplies.com\/product\/k135%ce%b1-masca-de-somn-in-cutie-de-carton"},"modified":"2022-01-23T13:22:27","modified_gmt":"2022-01-23T13:22:27","slug":"k135%ce%b1-masca-de-somn-in-cutie-de-carton","status":"publish","type":"product","link":"https:\/\/sv-hotelsupplies.com\/ro\/produs\/k135%ce%b1-masca-de-somn-in-cutie-de-carton","title":{"rendered":"K135\u0391  Masc\u0103 de somn \u00een cutie de carton"},"content":{"rendered":"<p>Un mod economic \u0219i eficient ca s\u0103 ajuta\u021bi oaspe\u021bii dvs. s\u0103 doarme mai bine noaptea sau s\u0103 doarm\u0103 \u00een timpul zilei. Ambalat \u00een cutie elegant\u0103 de design propriu de culoare alb\u0103.<\/p>\n","protected":false},"excerpt":{"rendered":"<p>Un mod economic \u0219i eficient ca s\u0103 ajuta\u021bi oaspe\u021bii dvs. s\u0103 doarme mai bine noaptea sau s\u0103 doarm\u0103 \u00een timpul zilei. Ambalat \u00een cutie elegant\u0103 de design propriu de culoare alb\u0103.<\/p>\n","protected":false},"featured_media":597,"comment_status":"open","ping_status":"closed","template":"","meta":{"_acf_changed":false},"product_brand":[],"product_cat":[54,55,15],"product_tag":[],"class_list":{"0":"post-599","1":"product","2":"type-product","3":"status-publish","4":"has-post-thumbnail","6":"product_cat-amenities-ro","7":"product_cat-produse-amenities","8":"product_cat-uncategorized","10":"first","11":"instock","12":"featured","13":"taxable","14":"shipping-taxable","15":"purchasable","16":"product-type-simple"},"acf":[],"_links":{"self":[{"href":"https:\/\/sv-hotelsupplies.com\/ro\/wp-json\/wp\/v2\/product\/599","targetHints":{"allow":["GET"]}}],"collection":[{"href":"https:\/\/sv-hotelsupplies.com\/ro\/wp-json\/wp\/v2\/product"}],"about":[{"href":"https:\/\/sv-hotelsupplies.com\/ro\/wp-json\/wp\/v2\/types\/product"}],"replies":[{"embeddable":true,"href":"https:\/\/sv-hotelsupplies.com\/ro\/wp-json\/wp\/v2\/comments?post=599"}],"wp:featuredmedia":[{"embeddable":true,"href":"https:\/\/sv-hotelsupplies.com\/ro\/wp-json\/wp\/v2\/media\/597"}],"wp:attachment":[{"href":"https:\/\/sv-hotelsupplies.com\/ro\/wp-json\/wp\/v2\/media?parent=599"}],"wp:term":[{"taxonomy":"product_brand","embeddable":true,"href":"https:\/\/sv-hotelsupplies.com\/ro\/wp-json\/wp\/v2\/product_brand?post=599"},{"taxonomy":"product_cat","embeddable":true,"href":"https:\/\/sv-hotelsupplies.com\/ro\/wp-json\/wp\/v2\/product_cat?post=599"},{"taxonomy":"product_tag","embeddable":true,"href":"https:\/\/sv-hotelsupplies.com\/ro\/wp-json\/wp\/v2\/product_tag?post=599"}],"curies":[{"name":"wp","href":"https:\/\/api.w.org\/{rel}","templated":true}]}}