{"id":623,"date":"2022-01-23T13:35:44","date_gmt":"2022-01-23T13:35:44","guid":{"rendered":"https:\/\/sv-hotelsupplies.com\/product\/k28e-boneta-pentru-baie-set-ingrijire-si-set-de-cusut-in-plic-de-hartie"},"modified":"2022-01-23T13:37:29","modified_gmt":"2022-01-23T13:37:29","slug":"k28e-boneta-pentru-baie-set-ingrijire-si-set-de-cusut-in-plic-de-hartie","status":"publish","type":"product","link":"https:\/\/sv-hotelsupplies.com\/ro\/produs\/k28e-boneta-pentru-baie-set-ingrijire-si-set-de-cusut-in-plic-de-hartie","title":{"rendered":"K28E  Bonet\u0103 pentru baie, set \u00eengrijire \u0219i set de cusut \u00een plic de h\u00e2rtie"},"content":{"rendered":"<p>Combina\u021bie de accesorii necesare (bonet\u0103 pentru baie, set \u00eengrijire \u0219i set de cusut) care trebuie s\u0103 existe \u00een fiecare camer\u0103 de hotel. Ambalat \u00een plic elegant ecologic de design propriu.<\/p>\n","protected":false},"excerpt":{"rendered":"<p>Combina\u021bie de accesorii necesare (bonet\u0103 pentru baie, set \u00eengrijire \u0219i set de cusut) care trebuie s\u0103 existe \u00een fiecare camer\u0103 de hotel. Ambalat \u00een plic elegant ecologic de design propriu.<\/p>\n","protected":false},"featured_media":621,"comment_status":"open","ping_status":"closed","template":"","meta":{"_acf_changed":false},"product_brand":[],"product_cat":[15],"product_tag":[],"class_list":{"0":"post-623","1":"product","2":"type-product","3":"status-publish","4":"has-post-thumbnail","6":"product_cat-uncategorized","8":"first","9":"instock","10":"taxable","11":"shipping-taxable","12":"purchasable","13":"product-type-simple"},"acf":[],"_links":{"self":[{"href":"https:\/\/sv-hotelsupplies.com\/ro\/wp-json\/wp\/v2\/product\/623","targetHints":{"allow":["GET"]}}],"collection":[{"href":"https:\/\/sv-hotelsupplies.com\/ro\/wp-json\/wp\/v2\/product"}],"about":[{"href":"https:\/\/sv-hotelsupplies.com\/ro\/wp-json\/wp\/v2\/types\/product"}],"replies":[{"embeddable":true,"href":"https:\/\/sv-hotelsupplies.com\/ro\/wp-json\/wp\/v2\/comments?post=623"}],"wp:featuredmedia":[{"embeddable":true,"href":"https:\/\/sv-hotelsupplies.com\/ro\/wp-json\/wp\/v2\/media\/621"}],"wp:attachment":[{"href":"https:\/\/sv-hotelsupplies.com\/ro\/wp-json\/wp\/v2\/media?parent=623"}],"wp:term":[{"taxonomy":"product_brand","embeddable":true,"href":"https:\/\/sv-hotelsupplies.com\/ro\/wp-json\/wp\/v2\/product_brand?post=623"},{"taxonomy":"product_cat","embeddable":true,"href":"https:\/\/sv-hotelsupplies.com\/ro\/wp-json\/wp\/v2\/product_cat?post=623"},{"taxonomy":"product_tag","embeddable":true,"href":"https:\/\/sv-hotelsupplies.com\/ro\/wp-json\/wp\/v2\/product_tag?post=623"}],"curies":[{"name":"wp","href":"https:\/\/api.w.org\/{rel}","templated":true}]}}