{"id":641,"date":"2022-01-23T13:45:28","date_gmt":"2022-01-23T13:45:28","guid":{"rendered":"https:\/\/sv-hotelsupplies.com\/product\/k31e-set-ingrijire-in-plic-de-hartie"},"modified":"2022-01-23T13:46:58","modified_gmt":"2022-01-23T13:46:58","slug":"k31e-set-ingrijire-in-plic-de-hartie","status":"publish","type":"product","link":"https:\/\/sv-hotelsupplies.com\/ro\/produs\/k31e-set-ingrijire-in-plic-de-hartie","title":{"rendered":"K31E Set \u00eengrijire \u00een plic de h\u00e2rtie"},"content":{"rendered":"<p>Articol util pentru \u0219ederea la un hotel, unde oaspetele dvs. are nevoie de \u00eengrijirea de care este obi\u0219nuit acas\u0103 la el. Setul de \u00eengrijire con\u021bine bumbac de cur\u0103\u021bare\/demachiant, be\u021bi\u0219oare \u0219i pil\u0103 de unghii. Ambalat \u00een plic elegant ecologic de design propriu.<\/p>\n","protected":false},"excerpt":{"rendered":"<p>Articol util pentru \u0219ederea la un hotel, unde oaspetele dvs. are nevoie de \u00eengrijirea de care este obi\u0219nuit acas\u0103 la el. Setul de \u00eengrijire con\u021bine bumbac de cur\u0103\u021bare\/demachiant, be\u021bi\u0219oare \u0219i pil\u0103 de unghii. Ambalat \u00een plic elegant ecologic de design propriu.<\/p>\n","protected":false},"featured_media":639,"comment_status":"open","ping_status":"closed","template":"","meta":{"_acf_changed":false},"product_brand":[],"product_cat":[15],"product_tag":[],"class_list":{"0":"post-641","1":"product","2":"type-product","3":"status-publish","4":"has-post-thumbnail","6":"product_cat-uncategorized","8":"first","9":"instock","10":"taxable","11":"shipping-taxable","12":"purchasable","13":"product-type-simple"},"acf":[],"_links":{"self":[{"href":"https:\/\/sv-hotelsupplies.com\/ro\/wp-json\/wp\/v2\/product\/641","targetHints":{"allow":["GET"]}}],"collection":[{"href":"https:\/\/sv-hotelsupplies.com\/ro\/wp-json\/wp\/v2\/product"}],"about":[{"href":"https:\/\/sv-hotelsupplies.com\/ro\/wp-json\/wp\/v2\/types\/product"}],"replies":[{"embeddable":true,"href":"https:\/\/sv-hotelsupplies.com\/ro\/wp-json\/wp\/v2\/comments?post=641"}],"wp:featuredmedia":[{"embeddable":true,"href":"https:\/\/sv-hotelsupplies.com\/ro\/wp-json\/wp\/v2\/media\/639"}],"wp:attachment":[{"href":"https:\/\/sv-hotelsupplies.com\/ro\/wp-json\/wp\/v2\/media?parent=641"}],"wp:term":[{"taxonomy":"product_brand","embeddable":true,"href":"https:\/\/sv-hotelsupplies.com\/ro\/wp-json\/wp\/v2\/product_brand?post=641"},{"taxonomy":"product_cat","embeddable":true,"href":"https:\/\/sv-hotelsupplies.com\/ro\/wp-json\/wp\/v2\/product_cat?post=641"},{"taxonomy":"product_tag","embeddable":true,"href":"https:\/\/sv-hotelsupplies.com\/ro\/wp-json\/wp\/v2\/product_tag?post=641"}],"curies":[{"name":"wp","href":"https:\/\/api.w.org\/{rel}","templated":true}]}}