{"id":653,"date":"2022-01-23T13:51:11","date_gmt":"2022-01-23T13:51:11","guid":{"rendered":"https:\/\/sv-hotelsupplies.com\/product\/k33e-set-periuta-de-dinti-pasta-de-dinti-in-plic-de-hartie"},"modified":"2022-01-23T13:52:33","modified_gmt":"2022-01-23T13:52:33","slug":"k33e-set-periuta-de-dinti-pasta-de-dinti-in-plic-de-hartie","status":"publish","type":"product","link":"https:\/\/sv-hotelsupplies.com\/ro\/produs\/k33e-set-periuta-de-dinti-pasta-de-dinti-in-plic-de-hartie","title":{"rendered":"K33E  Set periu\u021b\u0103 de din\u021bi &#8211; past\u0103 de din\u021bi \u00een plic de h\u00e2rtie"},"content":{"rendered":"<p>Cu setul de \u00eengrijire dentar\u0103 pute\u021bi dovedi oaspe\u021bilor dvs. c\u0103 v-a\u021bi g\u00e2ndit cu aten\u021bie la fiecare detaliu. Setul de \u00eengrijire dentar\u0103 este alc\u0103tuit dintr-o periu\u021b\u0103 de din\u021bi din lemn \u0219i un tub de past\u0103 de din\u021bi 6gr \u0219i este ambalat \u00eentr-un plic elegant ecologic de design propriu.<\/p>\n","protected":false},"excerpt":{"rendered":"<p>Cu setul de \u00eengrijire dentar\u0103 pute\u021bi dovedi oaspe\u021bilor dvs. c\u0103 v-a\u021bi g\u00e2ndit cu aten\u021bie la fiecare detaliu. Setul de \u00eengrijire dentar\u0103 este alc\u0103tuit dintr-o periu\u021b\u0103 de din\u021bi din lemn \u0219i un tub de past\u0103 de din\u021bi 6gr \u0219i este ambalat \u00eentr-un plic elegant ecologic de design propriu.<\/p>\n","protected":false},"featured_media":651,"comment_status":"open","ping_status":"closed","template":"","meta":{"_acf_changed":false},"product_brand":[],"product_cat":[15],"product_tag":[],"class_list":{"0":"post-653","1":"product","2":"type-product","3":"status-publish","4":"has-post-thumbnail","6":"product_cat-uncategorized","8":"first","9":"instock","10":"taxable","11":"shipping-taxable","12":"purchasable","13":"product-type-simple"},"acf":[],"_links":{"self":[{"href":"https:\/\/sv-hotelsupplies.com\/ro\/wp-json\/wp\/v2\/product\/653","targetHints":{"allow":["GET"]}}],"collection":[{"href":"https:\/\/sv-hotelsupplies.com\/ro\/wp-json\/wp\/v2\/product"}],"about":[{"href":"https:\/\/sv-hotelsupplies.com\/ro\/wp-json\/wp\/v2\/types\/product"}],"replies":[{"embeddable":true,"href":"https:\/\/sv-hotelsupplies.com\/ro\/wp-json\/wp\/v2\/comments?post=653"}],"wp:featuredmedia":[{"embeddable":true,"href":"https:\/\/sv-hotelsupplies.com\/ro\/wp-json\/wp\/v2\/media\/651"}],"wp:attachment":[{"href":"https:\/\/sv-hotelsupplies.com\/ro\/wp-json\/wp\/v2\/media?parent=653"}],"wp:term":[{"taxonomy":"product_brand","embeddable":true,"href":"https:\/\/sv-hotelsupplies.com\/ro\/wp-json\/wp\/v2\/product_brand?post=653"},{"taxonomy":"product_cat","embeddable":true,"href":"https:\/\/sv-hotelsupplies.com\/ro\/wp-json\/wp\/v2\/product_cat?post=653"},{"taxonomy":"product_tag","embeddable":true,"href":"https:\/\/sv-hotelsupplies.com\/ro\/wp-json\/wp\/v2\/product_tag?post=653"}],"curies":[{"name":"wp","href":"https:\/\/api.w.org\/{rel}","templated":true}]}}