{"id":671,"date":"2022-01-23T14:00:27","date_gmt":"2022-01-23T14:00:27","guid":{"rendered":"https:\/\/sv-hotelsupplies.com\/product\/k134e-set-carpa-de-lustruit-pantofi-in-plic-de-hartie"},"modified":"2022-01-23T14:01:48","modified_gmt":"2022-01-23T14:01:48","slug":"k134e-set-carpa-de-lustruit-pantofi-in-plic-de-hartie","status":"publish","type":"product","link":"https:\/\/sv-hotelsupplies.com\/ro\/produs\/k134e-set-carpa-de-lustruit-pantofi-in-plic-de-hartie","title":{"rendered":"K134E  Set c\u00e2rp\u0103 de lustruit pantofi \u00een plic de h\u00e2rtie"},"content":{"rendered":"<p>C\u00e2rpa de lustruit permite oaspe\u021bilor dvs. s\u0103 fac\u0103 o cur\u0103\u021bare rapid\u0103 a pantofilor lor, poate \u00eenaintea unei \u00eent\u00e2lniri profesionale sau dup\u0103 vizitarea obiectivelor turistice. Este ideal\u0103 pentru toate culorile de pantofi \u0219i este ambalat \u00eentr-un plic elegant ecologic de design propriu.<\/p>\n","protected":false},"excerpt":{"rendered":"<p>C\u00e2rpa de lustruit permite oaspe\u021bilor dvs. s\u0103 fac\u0103 o cur\u0103\u021bare rapid\u0103 a pantofilor lor, poate \u00eenaintea unei \u00eent\u00e2lniri profesionale sau dup\u0103 vizitarea obiectivelor turistice. Este ideal\u0103 pentru toate culorile de pantofi \u0219i este ambalat \u00eentr-un plic elegant ecologic de design propriu.<\/p>\n","protected":false},"featured_media":669,"comment_status":"open","ping_status":"closed","template":"","meta":{"_acf_changed":false},"product_brand":[],"product_cat":[15],"product_tag":[],"class_list":{"0":"post-671","1":"product","2":"type-product","3":"status-publish","4":"has-post-thumbnail","6":"product_cat-uncategorized","8":"first","9":"instock","10":"taxable","11":"shipping-taxable","12":"purchasable","13":"product-type-simple"},"acf":[],"_links":{"self":[{"href":"https:\/\/sv-hotelsupplies.com\/ro\/wp-json\/wp\/v2\/product\/671","targetHints":{"allow":["GET"]}}],"collection":[{"href":"https:\/\/sv-hotelsupplies.com\/ro\/wp-json\/wp\/v2\/product"}],"about":[{"href":"https:\/\/sv-hotelsupplies.com\/ro\/wp-json\/wp\/v2\/types\/product"}],"replies":[{"embeddable":true,"href":"https:\/\/sv-hotelsupplies.com\/ro\/wp-json\/wp\/v2\/comments?post=671"}],"wp:featuredmedia":[{"embeddable":true,"href":"https:\/\/sv-hotelsupplies.com\/ro\/wp-json\/wp\/v2\/media\/669"}],"wp:attachment":[{"href":"https:\/\/sv-hotelsupplies.com\/ro\/wp-json\/wp\/v2\/media?parent=671"}],"wp:term":[{"taxonomy":"product_brand","embeddable":true,"href":"https:\/\/sv-hotelsupplies.com\/ro\/wp-json\/wp\/v2\/product_brand?post=671"},{"taxonomy":"product_cat","embeddable":true,"href":"https:\/\/sv-hotelsupplies.com\/ro\/wp-json\/wp\/v2\/product_cat?post=671"},{"taxonomy":"product_tag","embeddable":true,"href":"https:\/\/sv-hotelsupplies.com\/ro\/wp-json\/wp\/v2\/product_tag?post=671"}],"curies":[{"name":"wp","href":"https:\/\/api.w.org\/{rel}","templated":true}]}}