{"id":677,"date":"2022-01-23T14:03:13","date_gmt":"2022-01-23T14:03:13","guid":{"rendered":"https:\/\/sv-hotelsupplies.com\/product\/k135e-masca-de-somn-in-plic-de-hartie"},"modified":"2022-01-23T14:04:40","modified_gmt":"2022-01-23T14:04:40","slug":"k135e-masca-de-somn-in-plic-de-hartie","status":"publish","type":"product","link":"https:\/\/sv-hotelsupplies.com\/ro\/produs\/k135e-masca-de-somn-in-plic-de-hartie","title":{"rendered":"K135E  Masc\u0103 de somn \u00een plic de h\u00e2rtie"},"content":{"rendered":"<p>Un mod economic \u0219i eficient ca s\u0103 ajuta\u021bi oaspe\u021bii dvs. s\u0103 doarme mai bine noaptea sau s\u0103 doarm\u0103 \u00een timpul zilei. Ambalat \u00een plic elegant ecologic de design propriu.<\/p>\n","protected":false},"excerpt":{"rendered":"<p>Un mod economic \u0219i eficient ca s\u0103 ajuta\u021bi oaspe\u021bii dvs. s\u0103 doarme mai bine noaptea sau s\u0103 doarm\u0103 \u00een timpul zilei. Ambalat \u00een plic elegant ecologic de design propriu.<\/p>\n","protected":false},"featured_media":675,"comment_status":"open","ping_status":"closed","template":"","meta":{"_acf_changed":false},"product_brand":[],"product_cat":[15],"product_tag":[],"class_list":{"0":"post-677","1":"product","2":"type-product","3":"status-publish","4":"has-post-thumbnail","6":"product_cat-uncategorized","8":"first","9":"instock","10":"taxable","11":"shipping-taxable","12":"purchasable","13":"product-type-simple"},"acf":[],"_links":{"self":[{"href":"https:\/\/sv-hotelsupplies.com\/ro\/wp-json\/wp\/v2\/product\/677","targetHints":{"allow":["GET"]}}],"collection":[{"href":"https:\/\/sv-hotelsupplies.com\/ro\/wp-json\/wp\/v2\/product"}],"about":[{"href":"https:\/\/sv-hotelsupplies.com\/ro\/wp-json\/wp\/v2\/types\/product"}],"replies":[{"embeddable":true,"href":"https:\/\/sv-hotelsupplies.com\/ro\/wp-json\/wp\/v2\/comments?post=677"}],"wp:featuredmedia":[{"embeddable":true,"href":"https:\/\/sv-hotelsupplies.com\/ro\/wp-json\/wp\/v2\/media\/675"}],"wp:attachment":[{"href":"https:\/\/sv-hotelsupplies.com\/ro\/wp-json\/wp\/v2\/media?parent=677"}],"wp:term":[{"taxonomy":"product_brand","embeddable":true,"href":"https:\/\/sv-hotelsupplies.com\/ro\/wp-json\/wp\/v2\/product_brand?post=677"},{"taxonomy":"product_cat","embeddable":true,"href":"https:\/\/sv-hotelsupplies.com\/ro\/wp-json\/wp\/v2\/product_cat?post=677"},{"taxonomy":"product_tag","embeddable":true,"href":"https:\/\/sv-hotelsupplies.com\/ro\/wp-json\/wp\/v2\/product_tag?post=677"}],"curies":[{"name":"wp","href":"https:\/\/api.w.org\/{rel}","templated":true}]}}