{"id":689,"date":"2022-01-23T14:10:03","date_gmt":"2022-01-23T14:10:03","guid":{"rendered":"https:\/\/sv-hotelsupplies.com\/product\/k74p-burete-lufa-in-punga-plastica"},"modified":"2022-01-23T14:11:29","modified_gmt":"2022-01-23T14:11:29","slug":"k74p-burete-lufa-in-punga-plastica","status":"publish","type":"product","link":"https:\/\/sv-hotelsupplies.com\/ro\/produs\/k74p-burete-lufa-in-punga-plastica","title":{"rendered":"K74P  Burete lufa \u00een pung\u0103 plastic\u0103"},"content":{"rendered":"<p>Buretele lufa natural este accesoriul perfect de lux \u00een baia oaspe\u021bilor dvs. pentru o exfoliere u\u0219oar\u0103 sau masaj a pielii. Ambalat \u00eentr-o simpl\u0103 pung\u0103 transparent\u0103 din plastic.<\/p>\n","protected":false},"excerpt":{"rendered":"<p>Buretele lufa natural este accesoriul perfect de lux \u00een baia oaspe\u021bilor dvs. pentru o exfoliere u\u0219oar\u0103 sau masaj a pielii. Ambalat \u00eentr-o simpl\u0103 pung\u0103 transparent\u0103 din plastic.<\/p>\n","protected":false},"featured_media":687,"comment_status":"open","ping_status":"closed","template":"","meta":{"_acf_changed":false},"product_brand":[],"product_cat":[15],"product_tag":[],"class_list":{"0":"post-689","1":"product","2":"type-product","3":"status-publish","4":"has-post-thumbnail","6":"product_cat-uncategorized","8":"first","9":"instock","10":"taxable","11":"shipping-taxable","12":"purchasable","13":"product-type-simple"},"acf":[],"_links":{"self":[{"href":"https:\/\/sv-hotelsupplies.com\/ro\/wp-json\/wp\/v2\/product\/689","targetHints":{"allow":["GET"]}}],"collection":[{"href":"https:\/\/sv-hotelsupplies.com\/ro\/wp-json\/wp\/v2\/product"}],"about":[{"href":"https:\/\/sv-hotelsupplies.com\/ro\/wp-json\/wp\/v2\/types\/product"}],"replies":[{"embeddable":true,"href":"https:\/\/sv-hotelsupplies.com\/ro\/wp-json\/wp\/v2\/comments?post=689"}],"wp:featuredmedia":[{"embeddable":true,"href":"https:\/\/sv-hotelsupplies.com\/ro\/wp-json\/wp\/v2\/media\/687"}],"wp:attachment":[{"href":"https:\/\/sv-hotelsupplies.com\/ro\/wp-json\/wp\/v2\/media?parent=689"}],"wp:term":[{"taxonomy":"product_brand","embeddable":true,"href":"https:\/\/sv-hotelsupplies.com\/ro\/wp-json\/wp\/v2\/product_brand?post=689"},{"taxonomy":"product_cat","embeddable":true,"href":"https:\/\/sv-hotelsupplies.com\/ro\/wp-json\/wp\/v2\/product_cat?post=689"},{"taxonomy":"product_tag","embeddable":true,"href":"https:\/\/sv-hotelsupplies.com\/ro\/wp-json\/wp\/v2\/product_tag?post=689"}],"curies":[{"name":"wp","href":"https:\/\/api.w.org\/{rel}","templated":true}]}}