{"id":699,"date":"2022-01-08T22:47:48","date_gmt":"2022-01-08T22:47:48","guid":{"rendered":"https:\/\/sv-hotelsupplies.com\/product\/k32-set-de-cusut-in-cutie-de-carton"},"modified":"2022-01-23T14:19:56","modified_gmt":"2022-01-23T14:19:56","slug":"k32-set-de-cusut-in-cutie-de-carton","status":"publish","type":"product","link":"https:\/\/sv-hotelsupplies.com\/ro\/produs\/k32-set-de-cusut-in-cutie-de-carton","title":{"rendered":"K32  Set de cusut \u00een cutie de carton"},"content":{"rendered":"<p>Nu l\u0103sa\u021bi oaspe\u021bii dvs. dispera\u021bi atunci c\u00e2nd sl\u0103be\u0219te un nasture sau se scoate un tiv \u00eentr-un moment jenant. Pot face o repara\u021bie rapid\u0103 folosind setul nostru de cusut. Ambalat \u00een cutie elegant\u0103 de design propriu de culoare neagr\u0103.<\/p>\n","protected":false},"excerpt":{"rendered":"<p>Nu l\u0103sa\u021bi oaspe\u021bii dvs. dispera\u021bi atunci c\u00e2nd sl\u0103be\u0219te un nasture sau se scoate un tiv \u00eentr-un moment jenant. Pot face o repara\u021bie rapid\u0103 folosind setul nostru de cusut. Ambalat \u00een cutie elegant\u0103 de design propriu de culoare neagr\u0103.<\/p>\n","protected":false},"featured_media":162,"comment_status":"open","ping_status":"closed","template":"","meta":{"_acf_changed":false},"product_brand":[],"product_cat":[54,55,15],"product_tag":[],"class_list":{"0":"post-699","1":"product","2":"type-product","3":"status-publish","4":"has-post-thumbnail","6":"product_cat-amenities-ro","7":"product_cat-produse-amenities","8":"product_cat-uncategorized","10":"first","11":"instock","12":"taxable","13":"shipping-taxable","14":"purchasable","15":"product-type-simple"},"acf":[],"_links":{"self":[{"href":"https:\/\/sv-hotelsupplies.com\/ro\/wp-json\/wp\/v2\/product\/699","targetHints":{"allow":["GET"]}}],"collection":[{"href":"https:\/\/sv-hotelsupplies.com\/ro\/wp-json\/wp\/v2\/product"}],"about":[{"href":"https:\/\/sv-hotelsupplies.com\/ro\/wp-json\/wp\/v2\/types\/product"}],"replies":[{"embeddable":true,"href":"https:\/\/sv-hotelsupplies.com\/ro\/wp-json\/wp\/v2\/comments?post=699"}],"wp:featuredmedia":[{"embeddable":true,"href":"https:\/\/sv-hotelsupplies.com\/ro\/wp-json\/wp\/v2\/media\/162"}],"wp:attachment":[{"href":"https:\/\/sv-hotelsupplies.com\/ro\/wp-json\/wp\/v2\/media?parent=699"}],"wp:term":[{"taxonomy":"product_brand","embeddable":true,"href":"https:\/\/sv-hotelsupplies.com\/ro\/wp-json\/wp\/v2\/product_brand?post=699"},{"taxonomy":"product_cat","embeddable":true,"href":"https:\/\/sv-hotelsupplies.com\/ro\/wp-json\/wp\/v2\/product_cat?post=699"},{"taxonomy":"product_tag","embeddable":true,"href":"https:\/\/sv-hotelsupplies.com\/ro\/wp-json\/wp\/v2\/product_tag?post=699"}],"curies":[{"name":"wp","href":"https:\/\/api.w.org\/{rel}","templated":true}]}}