{"id":701,"date":"2022-01-08T22:46:38","date_gmt":"2022-01-08T22:46:38","guid":{"rendered":"https:\/\/sv-hotelsupplies.com\/product\/k31-set-ingrijire-in-cutie-de-carton"},"modified":"2022-01-23T14:22:14","modified_gmt":"2022-01-23T14:22:14","slug":"k31-set-ingrijire-in-cutie-de-carton","status":"publish","type":"product","link":"https:\/\/sv-hotelsupplies.com\/ro\/produs\/k31-set-ingrijire-in-cutie-de-carton","title":{"rendered":"K31  Set \u00eengrijire \u00een cutie de carton"},"content":{"rendered":"<p>Articol util pentru \u0219ederea la un hotel, unde oaspetele dvs. are nevoie de \u00eengrijirea de care este obi\u0219nuit acas\u0103 la el. Setul de \u00eengrijire con\u021bine bumbac de cur\u0103\u021bare\/demachiant, be\u021bi\u0219oare \u0219i pil\u0103 de unghii. Ambalat \u00een cutie elegant\u0103 de design propriu de culoare neagr\u0103.<\/p>\n","protected":false},"excerpt":{"rendered":"<p>Articol util pentru \u0219ederea la un hotel, unde oaspetele dvs. are nevoie de \u00eengrijirea de care este obi\u0219nuit acas\u0103 la el. Setul de \u00eengrijire con\u021bine bumbac de cur\u0103\u021bare\/demachiant, be\u021bi\u0219oare \u0219i pil\u0103 de unghii. Ambalat \u00een cutie elegant\u0103 de design propriu de culoare neagr\u0103.<\/p>\n","protected":false},"featured_media":159,"comment_status":"open","ping_status":"closed","template":"","meta":{"_acf_changed":false},"product_brand":[],"product_cat":[54,55,15],"product_tag":[],"class_list":{"0":"post-701","1":"product","2":"type-product","3":"status-publish","4":"has-post-thumbnail","6":"product_cat-amenities-ro","7":"product_cat-produse-amenities","8":"product_cat-uncategorized","10":"first","11":"instock","12":"featured","13":"taxable","14":"shipping-taxable","15":"purchasable","16":"product-type-simple"},"acf":[],"_links":{"self":[{"href":"https:\/\/sv-hotelsupplies.com\/ro\/wp-json\/wp\/v2\/product\/701","targetHints":{"allow":["GET"]}}],"collection":[{"href":"https:\/\/sv-hotelsupplies.com\/ro\/wp-json\/wp\/v2\/product"}],"about":[{"href":"https:\/\/sv-hotelsupplies.com\/ro\/wp-json\/wp\/v2\/types\/product"}],"replies":[{"embeddable":true,"href":"https:\/\/sv-hotelsupplies.com\/ro\/wp-json\/wp\/v2\/comments?post=701"}],"wp:featuredmedia":[{"embeddable":true,"href":"https:\/\/sv-hotelsupplies.com\/ro\/wp-json\/wp\/v2\/media\/159"}],"wp:attachment":[{"href":"https:\/\/sv-hotelsupplies.com\/ro\/wp-json\/wp\/v2\/media?parent=701"}],"wp:term":[{"taxonomy":"product_brand","embeddable":true,"href":"https:\/\/sv-hotelsupplies.com\/ro\/wp-json\/wp\/v2\/product_brand?post=701"},{"taxonomy":"product_cat","embeddable":true,"href":"https:\/\/sv-hotelsupplies.com\/ro\/wp-json\/wp\/v2\/product_cat?post=701"},{"taxonomy":"product_tag","embeddable":true,"href":"https:\/\/sv-hotelsupplies.com\/ro\/wp-json\/wp\/v2\/product_tag?post=701"}],"curies":[{"name":"wp","href":"https:\/\/api.w.org\/{rel}","templated":true}]}}