{"id":709,"date":"2022-01-08T23:07:38","date_gmt":"2022-01-08T23:07:38","guid":{"rendered":"https:\/\/sv-hotelsupplies.com\/product\/k130-incaltator-din-plastic"},"modified":"2022-01-24T10:03:26","modified_gmt":"2022-01-24T10:03:26","slug":"k130-incaltator-din-plastic","status":"publish","type":"product","link":"https:\/\/sv-hotelsupplies.com\/ro\/produs\/k130-incaltator-din-plastic","title":{"rendered":"K130  \u00cenc\u0103l\u021b\u0103tor din plastic"},"content":{"rendered":"<p>\u00cenc\u0103l\u021b\u0103torul din plastic de culoare alb\u0103 este un simplu accesoriu pentru oaspe\u021bii care se gr\u0103besc sau pentru oaspe\u021bii care \u00eent\u00e2mpin\u0103 dificult\u0103\u021bi la aplecat \u0219i faciliteaz\u0103 purtatul pantofilor lor. Oaspe\u021bii dvs. v\u0103 vor mul\u021bumi pentru aceast\u0103 aten\u021bie suplimentar\u0103 pe durata \u0219ederii lor la hotelul dvs.<\/p>\n","protected":false},"excerpt":{"rendered":"<p>\u00cenc\u0103l\u021b\u0103torul din plastic de culoare alb\u0103 este un simplu accesoriu pentru oaspe\u021bii care se gr\u0103besc sau pentru oaspe\u021bii care \u00eent\u00e2mpin\u0103 dificult\u0103\u021bi la aplecat \u0219i faciliteaz\u0103 purtatul pantofilor lor. Oaspe\u021bii dvs. v\u0103 vor mul\u021bumi pentru aceast\u0103 aten\u021bie suplimentar\u0103 pe durata \u0219ederii lor la hotelul dvs.<\/p>\n","protected":false},"featured_media":1007,"comment_status":"open","ping_status":"closed","template":"","meta":{"_acf_changed":false},"product_brand":[],"product_cat":[56,57],"product_tag":[],"class_list":{"0":"post-709","1":"product","2":"type-product","3":"status-publish","4":"has-post-thumbnail","6":"product_cat-accesorii-camera","7":"product_cat-accesorii-pentru-oaspeti","9":"first","10":"instock","11":"featured","12":"taxable","13":"shipping-taxable","14":"purchasable","15":"product-type-simple"},"acf":[],"_links":{"self":[{"href":"https:\/\/sv-hotelsupplies.com\/ro\/wp-json\/wp\/v2\/product\/709","targetHints":{"allow":["GET"]}}],"collection":[{"href":"https:\/\/sv-hotelsupplies.com\/ro\/wp-json\/wp\/v2\/product"}],"about":[{"href":"https:\/\/sv-hotelsupplies.com\/ro\/wp-json\/wp\/v2\/types\/product"}],"replies":[{"embeddable":true,"href":"https:\/\/sv-hotelsupplies.com\/ro\/wp-json\/wp\/v2\/comments?post=709"}],"wp:featuredmedia":[{"embeddable":true,"href":"https:\/\/sv-hotelsupplies.com\/ro\/wp-json\/wp\/v2\/media\/1007"}],"wp:attachment":[{"href":"https:\/\/sv-hotelsupplies.com\/ro\/wp-json\/wp\/v2\/media?parent=709"}],"wp:term":[{"taxonomy":"product_brand","embeddable":true,"href":"https:\/\/sv-hotelsupplies.com\/ro\/wp-json\/wp\/v2\/product_brand?post=709"},{"taxonomy":"product_cat","embeddable":true,"href":"https:\/\/sv-hotelsupplies.com\/ro\/wp-json\/wp\/v2\/product_cat?post=709"},{"taxonomy":"product_tag","embeddable":true,"href":"https:\/\/sv-hotelsupplies.com\/ro\/wp-json\/wp\/v2\/product_tag?post=709"}],"curies":[{"name":"wp","href":"https:\/\/api.w.org\/{rel}","templated":true}]}}