{"id":711,"date":"2022-01-08T23:08:48","date_gmt":"2022-01-08T23:08:48","guid":{"rendered":"https:\/\/sv-hotelsupplies.com\/product\/k130%ce%b1-incaltator-din-lemn-38-cm"},"modified":"2022-01-24T10:06:18","modified_gmt":"2022-01-24T10:06:18","slug":"k130%ce%b1-incaltator-din-lemn-38-cm","status":"publish","type":"product","link":"https:\/\/sv-hotelsupplies.com\/ro\/produs\/k130%ce%b1-incaltator-din-lemn-38-cm","title":{"rendered":"K130\u0391  \u00cenc\u0103l\u021b\u0103tor din lemn 38 cm"},"content":{"rendered":"<p>Unii oaspe\u021bi \u00eent\u00e2mpin\u0103 dificult\u0103\u021bi cu aplecatul \u0219i au nevoie de un ajutor c\u00e2nd poart\u0103 pantofii lor. Persoanele cu probleme cu spatele sau de mobilitate v\u0103 vor mul\u021bumi pentru acest ajutor la purtatul pantofilor lor. Restul oaspe\u021bilor vor aprecia faptul c\u0103 face\u021bi via\u021ba lor mai u\u0219oar\u0103.<\/p>\n","protected":false},"excerpt":{"rendered":"<p>Unii oaspe\u021bi \u00eent\u00e2mpin\u0103 dificult\u0103\u021bi cu aplecatul \u0219i au nevoie de un ajutor c\u00e2nd poart\u0103 pantofii lor. Persoanele cu probleme cu spatele sau de mobilitate v\u0103 vor mul\u021bumi pentru acest ajutor la purtatul pantofilor lor. Restul oaspe\u021bilor vor aprecia faptul c\u0103 face\u021bi via\u021ba lor mai u\u0219oar\u0103.<\/p>\n","protected":false},"featured_media":1010,"comment_status":"open","ping_status":"closed","template":"","meta":{"_acf_changed":false},"product_brand":[],"product_cat":[56,57],"product_tag":[],"class_list":{"0":"post-711","1":"product","2":"type-product","3":"status-publish","4":"has-post-thumbnail","6":"product_cat-accesorii-camera","7":"product_cat-accesorii-pentru-oaspeti","9":"first","10":"instock","11":"taxable","12":"shipping-taxable","13":"purchasable","14":"product-type-simple"},"acf":[],"_links":{"self":[{"href":"https:\/\/sv-hotelsupplies.com\/ro\/wp-json\/wp\/v2\/product\/711","targetHints":{"allow":["GET"]}}],"collection":[{"href":"https:\/\/sv-hotelsupplies.com\/ro\/wp-json\/wp\/v2\/product"}],"about":[{"href":"https:\/\/sv-hotelsupplies.com\/ro\/wp-json\/wp\/v2\/types\/product"}],"replies":[{"embeddable":true,"href":"https:\/\/sv-hotelsupplies.com\/ro\/wp-json\/wp\/v2\/comments?post=711"}],"wp:featuredmedia":[{"embeddable":true,"href":"https:\/\/sv-hotelsupplies.com\/ro\/wp-json\/wp\/v2\/media\/1010"}],"wp:attachment":[{"href":"https:\/\/sv-hotelsupplies.com\/ro\/wp-json\/wp\/v2\/media?parent=711"}],"wp:term":[{"taxonomy":"product_brand","embeddable":true,"href":"https:\/\/sv-hotelsupplies.com\/ro\/wp-json\/wp\/v2\/product_brand?post=711"},{"taxonomy":"product_cat","embeddable":true,"href":"https:\/\/sv-hotelsupplies.com\/ro\/wp-json\/wp\/v2\/product_cat?post=711"},{"taxonomy":"product_tag","embeddable":true,"href":"https:\/\/sv-hotelsupplies.com\/ro\/wp-json\/wp\/v2\/product_tag?post=711"}],"curies":[{"name":"wp","href":"https:\/\/api.w.org\/{rel}","templated":true}]}}