{"id":713,"date":"2022-01-08T23:10:09","date_gmt":"2022-01-08T23:10:09","guid":{"rendered":"https:\/\/sv-hotelsupplies.com\/product\/l3-punga-din-plastic-pentru-rufe"},"modified":"2022-01-24T10:09:25","modified_gmt":"2022-01-24T10:09:25","slug":"l3-punga-din-plastic-pentru-rufe","status":"publish","type":"product","link":"https:\/\/sv-hotelsupplies.com\/ro\/produs\/l3-punga-din-plastic-pentru-rufe","title":{"rendered":"L3  Pung\u0103 din plastic pentru rufe"},"content":{"rendered":"<p>Pung\u0103 din plastic de bun\u0103 calitate de culoare alb\u0103 pentru rufe. Este printat\u0103 \u00een \u0219ase limbi \u0219i include numele oaspetelui precum \u0219i num\u0103rul camerei. Asigur\u0103 c\u0103 rufele oaspetelui dvs. sunt bine ambalate, f\u0103r\u0103 miros \u0219i c\u0103 vor fi p\u0103strate \u00eempreun\u0103 c\u00e2nd vor fi trimise la sp\u0103lat. Un accesoriu necesar pentru o \u0219edere minunat\u0103 al oaspe\u021bilor dvs. Dimensiuni: 41 x 60 cm<\/p>\n","protected":false},"excerpt":{"rendered":"<p>Pung\u0103 din plastic de bun\u0103 calitate de culoare alb\u0103 pentru rufe. Este printat\u0103 \u00een \u0219ase limbi \u0219i include numele oaspetelui precum \u0219i num\u0103rul camerei. Asigur\u0103 c\u0103 rufele oaspetelui dvs. sunt bine ambalate, f\u0103r\u0103 miros \u0219i c\u0103 vor fi p\u0103strate \u00eempreun\u0103 c\u00e2nd vor fi trimise la sp\u0103lat. Un accesoriu necesar pentru o \u0219edere minunat\u0103 al oaspe\u021bilor dvs. Dimensiuni: 41 x 60 cm<\/p>\n","protected":false},"featured_media":1106,"comment_status":"open","ping_status":"closed","template":"","meta":{"_acf_changed":false},"product_brand":[],"product_cat":[56,57],"product_tag":[],"class_list":{"0":"post-713","1":"product","2":"type-product","3":"status-publish","4":"has-post-thumbnail","6":"product_cat-accesorii-camera","7":"product_cat-accesorii-pentru-oaspeti","9":"first","10":"instock","11":"featured","12":"taxable","13":"shipping-taxable","14":"purchasable","15":"product-type-simple"},"acf":[],"_links":{"self":[{"href":"https:\/\/sv-hotelsupplies.com\/ro\/wp-json\/wp\/v2\/product\/713","targetHints":{"allow":["GET"]}}],"collection":[{"href":"https:\/\/sv-hotelsupplies.com\/ro\/wp-json\/wp\/v2\/product"}],"about":[{"href":"https:\/\/sv-hotelsupplies.com\/ro\/wp-json\/wp\/v2\/types\/product"}],"replies":[{"embeddable":true,"href":"https:\/\/sv-hotelsupplies.com\/ro\/wp-json\/wp\/v2\/comments?post=713"}],"wp:featuredmedia":[{"embeddable":true,"href":"https:\/\/sv-hotelsupplies.com\/ro\/wp-json\/wp\/v2\/media\/1106"}],"wp:attachment":[{"href":"https:\/\/sv-hotelsupplies.com\/ro\/wp-json\/wp\/v2\/media?parent=713"}],"wp:term":[{"taxonomy":"product_brand","embeddable":true,"href":"https:\/\/sv-hotelsupplies.com\/ro\/wp-json\/wp\/v2\/product_brand?post=713"},{"taxonomy":"product_cat","embeddable":true,"href":"https:\/\/sv-hotelsupplies.com\/ro\/wp-json\/wp\/v2\/product_cat?post=713"},{"taxonomy":"product_tag","embeddable":true,"href":"https:\/\/sv-hotelsupplies.com\/ro\/wp-json\/wp\/v2\/product_tag?post=713"}],"curies":[{"name":"wp","href":"https:\/\/api.w.org\/{rel}","templated":true}]}}