{"id":717,"date":"2022-01-10T08:44:35","date_gmt":"2022-01-10T08:44:35","guid":{"rendered":"https:\/\/sv-hotelsupplies.com\/product\/k52-non-woven-punga-pentru-rufe"},"modified":"2022-01-24T10:14:52","modified_gmt":"2022-01-24T10:14:52","slug":"k52-non-woven-punga-pentru-rufe","status":"publish","type":"product","link":"https:\/\/sv-hotelsupplies.com\/ro\/produs\/k52-non-woven-punga-pentru-rufe","title":{"rendered":"K52  Non Woven pung\u0103 pentru rufe"},"content":{"rendered":"<p>Pung\u0103 de bun\u0103 calitate non-woven de culoare alb\u0103 pentru rufe. Asigur\u0103 c\u0103 rufele oaspetelui dvs. sunt bine ambalate, f\u0103r\u0103 miros \u0219i c\u0103 vor fi p\u0103strate \u00eempreun\u0103 c\u00e2nd vor fi trimise la sp\u0103lat. Un accesoriu necesar pentru o \u0219edere minunat\u0103 al oaspe\u021bilor dvs. Dimensiuni: 48 x 56 cm.<\/p>\n","protected":false},"excerpt":{"rendered":"<p>Pung\u0103 de bun\u0103 calitate non-woven de culoare alb\u0103 pentru rufe. Asigur\u0103 c\u0103 rufele oaspetelui dvs. sunt bine ambalate, f\u0103r\u0103 miros \u0219i c\u0103 vor fi p\u0103strate \u00eempreun\u0103 c\u00e2nd vor fi trimise la sp\u0103lat. Un accesoriu necesar pentru o \u0219edere minunat\u0103 al oaspe\u021bilor dvs. Dimensiuni: 48 x 56 cm.<\/p>\n","protected":false},"featured_media":1100,"comment_status":"open","ping_status":"closed","template":"","meta":{"_acf_changed":false},"product_brand":[],"product_cat":[56,57],"product_tag":[],"class_list":{"0":"post-717","1":"product","2":"type-product","3":"status-publish","4":"has-post-thumbnail","6":"product_cat-accesorii-camera","7":"product_cat-accesorii-pentru-oaspeti","9":"first","10":"instock","11":"taxable","12":"shipping-taxable","13":"purchasable","14":"product-type-simple"},"acf":[],"_links":{"self":[{"href":"https:\/\/sv-hotelsupplies.com\/ro\/wp-json\/wp\/v2\/product\/717","targetHints":{"allow":["GET"]}}],"collection":[{"href":"https:\/\/sv-hotelsupplies.com\/ro\/wp-json\/wp\/v2\/product"}],"about":[{"href":"https:\/\/sv-hotelsupplies.com\/ro\/wp-json\/wp\/v2\/types\/product"}],"replies":[{"embeddable":true,"href":"https:\/\/sv-hotelsupplies.com\/ro\/wp-json\/wp\/v2\/comments?post=717"}],"wp:featuredmedia":[{"embeddable":true,"href":"https:\/\/sv-hotelsupplies.com\/ro\/wp-json\/wp\/v2\/media\/1100"}],"wp:attachment":[{"href":"https:\/\/sv-hotelsupplies.com\/ro\/wp-json\/wp\/v2\/media?parent=717"}],"wp:term":[{"taxonomy":"product_brand","embeddable":true,"href":"https:\/\/sv-hotelsupplies.com\/ro\/wp-json\/wp\/v2\/product_brand?post=717"},{"taxonomy":"product_cat","embeddable":true,"href":"https:\/\/sv-hotelsupplies.com\/ro\/wp-json\/wp\/v2\/product_cat?post=717"},{"taxonomy":"product_tag","embeddable":true,"href":"https:\/\/sv-hotelsupplies.com\/ro\/wp-json\/wp\/v2\/product_tag?post=717"}],"curies":[{"name":"wp","href":"https:\/\/api.w.org\/{rel}","templated":true}]}}