{"id":719,"date":"2022-01-12T21:13:18","date_gmt":"2022-01-12T21:13:18","guid":{"rendered":"https:\/\/sv-hotelsupplies.com\/product\/t11104-umeras-din-lemn-antifurt"},"modified":"2022-01-24T10:17:08","modified_gmt":"2022-01-24T10:17:08","slug":"t11104-umeras-din-lemn-antifurt","status":"publish","type":"product","link":"https:\/\/sv-hotelsupplies.com\/ro\/produs\/t11104-umeras-din-lemn-antifurt","title":{"rendered":"T11104  Umera\u0219 din lemn antifurt"},"content":{"rendered":"<p>Umera\u0219 din lemn cu frumos design de culoare maroniu deschis Grade A, cu verig\u0103 cromat\u0103 antifurt, cu bar\u0103 antiglisant\u0103 pentru pantaloni, cu receptori pentru fust\u0103, cu curb\u0103 format\u0103 corespunz\u0103tor, \u00een dimensiuni de 44&#215;1,3cm. Umera\u0219ul ofer\u0103 siguran\u021b\u0103 pentru dvs. \u0219i este potrivit pentru toate tipurile de haine.<\/p>\n","protected":false},"excerpt":{"rendered":"<p>Umera\u0219 din lemn cu frumos design de culoare maroniu deschis Grade A, cu verig\u0103 cromat\u0103 antifurt, cu bar\u0103 antiglisant\u0103 pentru pantaloni, cu receptori pentru fust\u0103, cu curb\u0103 format\u0103 corespunz\u0103tor, \u00een dimensiuni de 44&#215;1,3cm. Umera\u0219ul ofer\u0103 siguran\u021b\u0103 pentru dvs. \u0219i este potrivit pentru toate tipurile de haine.<\/p>\n","protected":false},"featured_media":237,"comment_status":"open","ping_status":"closed","template":"","meta":{"_acf_changed":false},"product_brand":[],"product_cat":[56,58],"product_tag":[],"class_list":{"0":"post-719","1":"product","2":"type-product","3":"status-publish","4":"has-post-thumbnail","6":"product_cat-accesorii-camera","7":"product_cat-umerase","9":"first","10":"instock","11":"featured","12":"taxable","13":"shipping-taxable","14":"purchasable","15":"product-type-simple"},"acf":[],"_links":{"self":[{"href":"https:\/\/sv-hotelsupplies.com\/ro\/wp-json\/wp\/v2\/product\/719","targetHints":{"allow":["GET"]}}],"collection":[{"href":"https:\/\/sv-hotelsupplies.com\/ro\/wp-json\/wp\/v2\/product"}],"about":[{"href":"https:\/\/sv-hotelsupplies.com\/ro\/wp-json\/wp\/v2\/types\/product"}],"replies":[{"embeddable":true,"href":"https:\/\/sv-hotelsupplies.com\/ro\/wp-json\/wp\/v2\/comments?post=719"}],"wp:featuredmedia":[{"embeddable":true,"href":"https:\/\/sv-hotelsupplies.com\/ro\/wp-json\/wp\/v2\/media\/237"}],"wp:attachment":[{"href":"https:\/\/sv-hotelsupplies.com\/ro\/wp-json\/wp\/v2\/media?parent=719"}],"wp:term":[{"taxonomy":"product_brand","embeddable":true,"href":"https:\/\/sv-hotelsupplies.com\/ro\/wp-json\/wp\/v2\/product_brand?post=719"},{"taxonomy":"product_cat","embeddable":true,"href":"https:\/\/sv-hotelsupplies.com\/ro\/wp-json\/wp\/v2\/product_cat?post=719"},{"taxonomy":"product_tag","embeddable":true,"href":"https:\/\/sv-hotelsupplies.com\/ro\/wp-json\/wp\/v2\/product_tag?post=719"}],"curies":[{"name":"wp","href":"https:\/\/api.w.org\/{rel}","templated":true}]}}