{"id":725,"date":"2022-01-12T21:17:21","date_gmt":"2022-01-12T21:17:21","guid":{"rendered":"https:\/\/sv-hotelsupplies.com\/product\/t11105-umeras-din-lemn-antifurt-cu-clip"},"modified":"2022-01-24T10:31:16","modified_gmt":"2022-01-24T10:31:16","slug":"t11105-umeras-din-lemn-antifurt-cu-clip","status":"publish","type":"product","link":"https:\/\/sv-hotelsupplies.com\/ro\/produs\/t11105-umeras-din-lemn-antifurt-cu-clip","title":{"rendered":"T11105  Umera\u0219 din lemn antifurt cu clip"},"content":{"rendered":"<p>Umera\u0219 din lemn de culoare maroniu deschis Grade A, cu inel cromat antifurt, cu bar\u0103 antiglisant\u0103 pentru fust\u0103 &#8211; pantaloni \u0219i clip, \u00een dimensiuni de 44x23x1,2cm. Oaspe\u021bii dvs. vor fi satisf\u0103cu\u021bi c\u00e2nd vor g\u0103si umera\u0219ul potrivit pentru toate tipurile de haine \u00een dulapul camerei lor.<\/p>\n","protected":false},"excerpt":{"rendered":"<p>Umera\u0219 din lemn de culoare maroniu deschis Grade A, cu inel cromat antifurt, cu bar\u0103 antiglisant\u0103 pentru fust\u0103 &#8211; pantaloni \u0219i clip, \u00een dimensiuni de 44x23x1,2cm. Oaspe\u021bii dvs. vor fi satisf\u0103cu\u021bi c\u00e2nd vor g\u0103si umera\u0219ul potrivit pentru toate tipurile de haine \u00een dulapul camerei lor.<\/p>\n","protected":false},"featured_media":240,"comment_status":"open","ping_status":"closed","template":"","meta":{"_acf_changed":false},"product_brand":[],"product_cat":[56,58],"product_tag":[],"class_list":{"0":"post-725","1":"product","2":"type-product","3":"status-publish","4":"has-post-thumbnail","6":"product_cat-accesorii-camera","7":"product_cat-umerase","9":"first","10":"instock","11":"taxable","12":"shipping-taxable","13":"purchasable","14":"product-type-simple"},"acf":[],"_links":{"self":[{"href":"https:\/\/sv-hotelsupplies.com\/ro\/wp-json\/wp\/v2\/product\/725","targetHints":{"allow":["GET"]}}],"collection":[{"href":"https:\/\/sv-hotelsupplies.com\/ro\/wp-json\/wp\/v2\/product"}],"about":[{"href":"https:\/\/sv-hotelsupplies.com\/ro\/wp-json\/wp\/v2\/types\/product"}],"replies":[{"embeddable":true,"href":"https:\/\/sv-hotelsupplies.com\/ro\/wp-json\/wp\/v2\/comments?post=725"}],"wp:featuredmedia":[{"embeddable":true,"href":"https:\/\/sv-hotelsupplies.com\/ro\/wp-json\/wp\/v2\/media\/240"}],"wp:attachment":[{"href":"https:\/\/sv-hotelsupplies.com\/ro\/wp-json\/wp\/v2\/media?parent=725"}],"wp:term":[{"taxonomy":"product_brand","embeddable":true,"href":"https:\/\/sv-hotelsupplies.com\/ro\/wp-json\/wp\/v2\/product_brand?post=725"},{"taxonomy":"product_cat","embeddable":true,"href":"https:\/\/sv-hotelsupplies.com\/ro\/wp-json\/wp\/v2\/product_cat?post=725"},{"taxonomy":"product_tag","embeddable":true,"href":"https:\/\/sv-hotelsupplies.com\/ro\/wp-json\/wp\/v2\/product_tag?post=725"}],"curies":[{"name":"wp","href":"https:\/\/api.w.org\/{rel}","templated":true}]}}