{"id":743,"date":"2022-01-12T21:30:15","date_gmt":"2022-01-12T21:30:15","guid":{"rendered":"https:\/\/sv-hotelsupplies.com\/product\/s1-papuc-inchis-culoare-alb-non-woven-30cm"},"modified":"2022-01-24T10:55:03","modified_gmt":"2022-01-24T10:55:03","slug":"s1-papuc-inchis-culoare-alb-non-woven-30cm","status":"publish","type":"product","link":"https:\/\/sv-hotelsupplies.com\/ro\/produs\/s1-papuc-inchis-culoare-alb-non-woven-30cm","title":{"rendered":"S1  Papuc \u00eenchis culoare alb non woven 30cm"},"content":{"rendered":"<p>Papucul \u00een cauz\u0103, fabricat din material non woven, este potrivit pentru spa\u021bii cu mochet\u0103 \u0219i pentru uz general \u00een camere \u0219i b\u0103i. Constituie solu\u021bia cea mai economic\u0103 \u0219i poate fi individualizat cu logo tip\u0103rit \u00een culori precum \u0219i s\u0103 fie fabricat la comand\u0103 \u00een diferite dimensiuni. Este o foarte bun\u0103 solu\u021bie \u00een ceea ce prive\u0219te raportul calitate &#8211; cost, potrivit\u0103 pentru orice uz.<\/p>\n","protected":false},"excerpt":{"rendered":"<p>Papucul \u00een cauz\u0103, fabricat din material non woven, este potrivit pentru spa\u021bii cu mochet\u0103 \u0219i pentru uz general \u00een camere \u0219i b\u0103i. Constituie solu\u021bia cea mai economic\u0103 \u0219i poate fi individualizat cu logo tip\u0103rit \u00een culori precum \u0219i s\u0103 fie fabricat la comand\u0103 \u00een diferite dimensiuni. Este o foarte bun\u0103 solu\u021bie \u00een ceea ce prive\u0219te raportul calitate &#8211; cost, potrivit\u0103 pentru orice uz.<\/p>\n","protected":false},"featured_media":1097,"comment_status":"open","ping_status":"closed","template":"","meta":{"_acf_changed":false},"product_brand":[],"product_cat":[60,61],"product_tag":[],"class_list":{"0":"post-743","1":"product","2":"type-product","3":"status-publish","4":"has-post-thumbnail","6":"product_cat-papuci","7":"product_cat-papuci-pentru-hotel","9":"first","10":"instock","11":"taxable","12":"shipping-taxable","13":"purchasable","14":"product-type-simple"},"acf":[],"_links":{"self":[{"href":"https:\/\/sv-hotelsupplies.com\/ro\/wp-json\/wp\/v2\/product\/743","targetHints":{"allow":["GET"]}}],"collection":[{"href":"https:\/\/sv-hotelsupplies.com\/ro\/wp-json\/wp\/v2\/product"}],"about":[{"href":"https:\/\/sv-hotelsupplies.com\/ro\/wp-json\/wp\/v2\/types\/product"}],"replies":[{"embeddable":true,"href":"https:\/\/sv-hotelsupplies.com\/ro\/wp-json\/wp\/v2\/comments?post=743"}],"wp:featuredmedia":[{"embeddable":true,"href":"https:\/\/sv-hotelsupplies.com\/ro\/wp-json\/wp\/v2\/media\/1097"}],"wp:attachment":[{"href":"https:\/\/sv-hotelsupplies.com\/ro\/wp-json\/wp\/v2\/media?parent=743"}],"wp:term":[{"taxonomy":"product_brand","embeddable":true,"href":"https:\/\/sv-hotelsupplies.com\/ro\/wp-json\/wp\/v2\/product_brand?post=743"},{"taxonomy":"product_cat","embeddable":true,"href":"https:\/\/sv-hotelsupplies.com\/ro\/wp-json\/wp\/v2\/product_cat?post=743"},{"taxonomy":"product_tag","embeddable":true,"href":"https:\/\/sv-hotelsupplies.com\/ro\/wp-json\/wp\/v2\/product_tag?post=743"}],"curies":[{"name":"wp","href":"https:\/\/api.w.org\/{rel}","templated":true}]}}