{"id":745,"date":"2022-01-12T21:33:21","date_gmt":"2022-01-12T21:33:21","guid":{"rendered":"https:\/\/sv-hotelsupplies.com\/product\/s1-1-papuc-inchis-culoare-alb-non-woven-cu-talpa-antiderapanta-30cm"},"modified":"2022-01-24T10:57:37","modified_gmt":"2022-01-24T10:57:37","slug":"s1-1-papuc-inchis-culoare-alb-non-woven-cu-talpa-antiderapanta-30cm","status":"publish","type":"product","link":"https:\/\/sv-hotelsupplies.com\/ro\/produs\/s1-1-papuc-inchis-culoare-alb-non-woven-cu-talpa-antiderapanta-30cm","title":{"rendered":"S1-1  Papuc \u00eenchis culoare alb non woven cu talp\u0103 antiderapant\u0103 30cm"},"content":{"rendered":"<p>Papucul \u00een cauz\u0103, fabricat din material non woven \u0219i echipat cu talp\u0103 antiderapant\u0103 este potrivit pentru uz general \u00een camere, b\u0103i, SPA \u0219i alte spa\u021bii cu pardoseal\u0103 glisant\u0103. Constituie o solu\u021bie economic\u0103 \u0219i poate fi individualizat cu logo tip\u0103rit \u00een culori precum \u0219i s\u0103 fie fabricat la comand\u0103 \u00een diferite dimensiuni. Este o foarte bun\u0103 solu\u021bie \u00een ceea ce prive\u0219te raportul calitate &#8211; cost, potrivit\u0103 pentru orice uz.<\/p>\n","protected":false},"excerpt":{"rendered":"<p>Papucul \u00een cauz\u0103, fabricat din material non woven \u0219i echipat cu talp\u0103 antiderapant\u0103 este potrivit pentru uz general \u00een camere, b\u0103i, SPA \u0219i alte spa\u021bii cu pardoseal\u0103 glisant\u0103. Constituie o solu\u021bie economic\u0103 \u0219i poate fi individualizat cu logo tip\u0103rit \u00een culori precum \u0219i s\u0103 fie fabricat la comand\u0103 \u00een diferite dimensiuni. Este o foarte bun\u0103 solu\u021bie \u00een ceea ce prive\u0219te raportul calitate &#8211; cost, potrivit\u0103 pentru orice uz.<\/p>\n","protected":false},"featured_media":1004,"comment_status":"open","ping_status":"closed","template":"","meta":{"_acf_changed":false},"product_brand":[],"product_cat":[60,61],"product_tag":[],"class_list":{"0":"post-745","1":"product","2":"type-product","3":"status-publish","4":"has-post-thumbnail","6":"product_cat-papuci","7":"product_cat-papuci-pentru-hotel","9":"first","10":"instock","11":"taxable","12":"shipping-taxable","13":"purchasable","14":"product-type-simple"},"acf":[],"_links":{"self":[{"href":"https:\/\/sv-hotelsupplies.com\/ro\/wp-json\/wp\/v2\/product\/745","targetHints":{"allow":["GET"]}}],"collection":[{"href":"https:\/\/sv-hotelsupplies.com\/ro\/wp-json\/wp\/v2\/product"}],"about":[{"href":"https:\/\/sv-hotelsupplies.com\/ro\/wp-json\/wp\/v2\/types\/product"}],"replies":[{"embeddable":true,"href":"https:\/\/sv-hotelsupplies.com\/ro\/wp-json\/wp\/v2\/comments?post=745"}],"wp:featuredmedia":[{"embeddable":true,"href":"https:\/\/sv-hotelsupplies.com\/ro\/wp-json\/wp\/v2\/media\/1004"}],"wp:attachment":[{"href":"https:\/\/sv-hotelsupplies.com\/ro\/wp-json\/wp\/v2\/media?parent=745"}],"wp:term":[{"taxonomy":"product_brand","embeddable":true,"href":"https:\/\/sv-hotelsupplies.com\/ro\/wp-json\/wp\/v2\/product_brand?post=745"},{"taxonomy":"product_cat","embeddable":true,"href":"https:\/\/sv-hotelsupplies.com\/ro\/wp-json\/wp\/v2\/product_cat?post=745"},{"taxonomy":"product_tag","embeddable":true,"href":"https:\/\/sv-hotelsupplies.com\/ro\/wp-json\/wp\/v2\/product_tag?post=745"}],"curies":[{"name":"wp","href":"https:\/\/api.w.org\/{rel}","templated":true}]}}