{"id":759,"date":"2022-01-12T21:40:38","date_gmt":"2022-01-12T21:40:38","guid":{"rendered":"https:\/\/sv-hotelsupplies.com\/product\/s9-papuc-deschis-culoare-alba-30cm"},"modified":"2022-01-24T11:21:33","modified_gmt":"2022-01-24T11:21:33","slug":"s9-papuc-deschis-culoare-alba-30cm","status":"publish","type":"product","link":"https:\/\/sv-hotelsupplies.com\/ro\/produs\/s9-papuc-deschis-culoare-alba-30cm","title":{"rendered":"S9  Papuc deschis culoare alb\u0103 30cm"},"content":{"rendered":"<p>Papucul deschis S9 este fabricat din material terry. Lungimea sa este de 30cm iar talpa este din material EVA \u00een grosime de 5mm \u0219i este potrivit pentru spa\u021bii cu mochet\u0103 \u0219i pentru uz general \u00een camere \u0219i b\u0103i. Oaspe\u021bii dvs. vor aprecia \u00een mod cert calitatea sa \u0219i poate fi individualizat cu logo tip\u0103rit sau cro\u0219etat \u00een culori precum \u0219i s\u0103 fie fabricat la comand\u0103 \u00een diferite dimensiuni. Constituie o bun\u0103 solu\u021bie \u00een ceea ce prive\u0219te raportul calitate &#8211; cost, potrivit pentru orice uz.<\/p>\n","protected":false},"excerpt":{"rendered":"<p>Papucul deschis S9 este fabricat din material terry. Lungimea sa este de 30cm iar talpa este din material EVA \u00een grosime de 5mm \u0219i este potrivit pentru spa\u021bii cu mochet\u0103 \u0219i pentru uz general \u00een camere \u0219i b\u0103i. Oaspe\u021bii dvs. vor aprecia \u00een mod cert calitatea sa \u0219i poate fi individualizat cu logo tip\u0103rit sau cro\u0219etat \u00een culori precum \u0219i s\u0103 fie fabricat la comand\u0103 \u00een diferite dimensiuni. Constituie o bun\u0103 solu\u021bie \u00een ceea ce prive\u0219te raportul calitate &#8211; cost, potrivit pentru orice uz.<\/p>\n","protected":false},"featured_media":1067,"comment_status":"open","ping_status":"closed","template":"","meta":{"_acf_changed":false},"product_brand":[],"product_cat":[62,61],"product_tag":[],"class_list":{"0":"post-759","1":"product","2":"type-product","3":"status-publish","4":"has-post-thumbnail","6":"product_cat-papuci-de-lux","7":"product_cat-papuci-pentru-hotel","9":"first","10":"instock","11":"taxable","12":"shipping-taxable","13":"purchasable","14":"product-type-simple"},"acf":[],"_links":{"self":[{"href":"https:\/\/sv-hotelsupplies.com\/ro\/wp-json\/wp\/v2\/product\/759","targetHints":{"allow":["GET"]}}],"collection":[{"href":"https:\/\/sv-hotelsupplies.com\/ro\/wp-json\/wp\/v2\/product"}],"about":[{"href":"https:\/\/sv-hotelsupplies.com\/ro\/wp-json\/wp\/v2\/types\/product"}],"replies":[{"embeddable":true,"href":"https:\/\/sv-hotelsupplies.com\/ro\/wp-json\/wp\/v2\/comments?post=759"}],"wp:featuredmedia":[{"embeddable":true,"href":"https:\/\/sv-hotelsupplies.com\/ro\/wp-json\/wp\/v2\/media\/1067"}],"wp:attachment":[{"href":"https:\/\/sv-hotelsupplies.com\/ro\/wp-json\/wp\/v2\/media?parent=759"}],"wp:term":[{"taxonomy":"product_brand","embeddable":true,"href":"https:\/\/sv-hotelsupplies.com\/ro\/wp-json\/wp\/v2\/product_brand?post=759"},{"taxonomy":"product_cat","embeddable":true,"href":"https:\/\/sv-hotelsupplies.com\/ro\/wp-json\/wp\/v2\/product_cat?post=759"},{"taxonomy":"product_tag","embeddable":true,"href":"https:\/\/sv-hotelsupplies.com\/ro\/wp-json\/wp\/v2\/product_tag?post=759"}],"curies":[{"name":"wp","href":"https:\/\/api.w.org\/{rel}","templated":true}]}}