{"id":762,"date":"2022-01-12T21:42:15","date_gmt":"2022-01-12T21:42:15","guid":{"rendered":"https:\/\/sv-hotelsupplies.com\/product\/s54-papuc-deschis-impermeabil-29cm"},"modified":"2022-01-24T11:26:41","modified_gmt":"2022-01-24T11:26:41","slug":"s54-papuc-deschis-impermeabil-29cm","status":"publish","type":"product","link":"https:\/\/sv-hotelsupplies.com\/ro\/produs\/s54-papuc-deschis-impermeabil-29cm","title":{"rendered":"S54  Papuc deschis impermeabil 29cm"},"content":{"rendered":"<p>papuc deschis impermeabil fabricat din material sintetic \u0219i echipat cu talp\u0103 antiderapant\u0103 \u00een grosime de 5mm, special pentru SPA. Lungimea sa este de 29cm \u0219i mai este potrivit pentru uz general. Constituie o solu\u021bia absolut\u0103 pentru spa\u021bii SPA \u0219i poate fi individualizat cu logo tip\u0103rit \u00een culori precum \u0219i s\u0103 fie fabricat la comand\u0103 \u00een diferite dimensiuni. Constituie o solu\u021bie extraordinar\u0103 \u00een ceea ce prive\u0219te raportul calitate &#8211; cost, potrivit pentru orice uz.<\/p>\n","protected":false},"excerpt":{"rendered":"<p>papuc deschis impermeabil fabricat din material sintetic \u0219i echipat cu talp\u0103 antiderapant\u0103 \u00een grosime de 5mm, special pentru SPA. Lungimea sa este de 29cm \u0219i mai este potrivit pentru uz general. Constituie o solu\u021bia absolut\u0103 pentru spa\u021bii SPA \u0219i poate fi individualizat cu logo tip\u0103rit \u00een culori precum \u0219i s\u0103 fie fabricat la comand\u0103 \u00een diferite dimensiuni. Constituie o solu\u021bie extraordinar\u0103 \u00een ceea ce prive\u0219te raportul calitate &#8211; cost, potrivit pentru orice uz.<\/p>\n","protected":false},"featured_media":765,"comment_status":"open","ping_status":"closed","template":"","meta":{"_acf_changed":false},"product_brand":[],"product_cat":[15],"product_tag":[],"class_list":{"0":"post-762","1":"product","2":"type-product","3":"status-publish","4":"has-post-thumbnail","6":"product_cat-uncategorized","8":"first","9":"instock","10":"taxable","11":"shipping-taxable","12":"purchasable","13":"product-type-simple"},"acf":[],"_links":{"self":[{"href":"https:\/\/sv-hotelsupplies.com\/ro\/wp-json\/wp\/v2\/product\/762","targetHints":{"allow":["GET"]}}],"collection":[{"href":"https:\/\/sv-hotelsupplies.com\/ro\/wp-json\/wp\/v2\/product"}],"about":[{"href":"https:\/\/sv-hotelsupplies.com\/ro\/wp-json\/wp\/v2\/types\/product"}],"replies":[{"embeddable":true,"href":"https:\/\/sv-hotelsupplies.com\/ro\/wp-json\/wp\/v2\/comments?post=762"}],"wp:featuredmedia":[{"embeddable":true,"href":"https:\/\/sv-hotelsupplies.com\/ro\/wp-json\/wp\/v2\/media\/765"}],"wp:attachment":[{"href":"https:\/\/sv-hotelsupplies.com\/ro\/wp-json\/wp\/v2\/media?parent=762"}],"wp:term":[{"taxonomy":"product_brand","embeddable":true,"href":"https:\/\/sv-hotelsupplies.com\/ro\/wp-json\/wp\/v2\/product_brand?post=762"},{"taxonomy":"product_cat","embeddable":true,"href":"https:\/\/sv-hotelsupplies.com\/ro\/wp-json\/wp\/v2\/product_cat?post=762"},{"taxonomy":"product_tag","embeddable":true,"href":"https:\/\/sv-hotelsupplies.com\/ro\/wp-json\/wp\/v2\/product_tag?post=762"}],"curies":[{"name":"wp","href":"https:\/\/api.w.org\/{rel}","templated":true}]}}