{"id":794,"date":"2022-01-24T13:29:55","date_gmt":"2022-01-24T13:29:55","guid":{"rendered":"https:\/\/sv-hotelsupplies.com\/product\/%ce%ba54-punga-sanitara-din-plastic"},"modified":"2022-01-24T13:31:31","modified_gmt":"2022-01-24T13:31:31","slug":"%ce%ba54-punga-sanitara-din-plastic","status":"publish","type":"product","link":"https:\/\/sv-hotelsupplies.com\/ro\/produs\/%ce%ba54-punga-sanitara-din-plastic","title":{"rendered":"\u039a54  Pung\u0103 sanitar\u0103 din plastic"},"content":{"rendered":"<p>Pung\u0103 sanitar\u0103 din plastic \u00een dimensiuni de 12,5 x 25 cm.<\/p>\n","protected":false},"excerpt":{"rendered":"<p>Pung\u0103 sanitar\u0103 din plastic \u00een dimensiuni de 12,5 x 25 cm.<\/p>\n","protected":false},"featured_media":1109,"comment_status":"open","ping_status":"closed","template":"","meta":{"_acf_changed":false},"product_brand":[],"product_cat":[56,57],"product_tag":[],"class_list":{"0":"post-794","1":"product","2":"type-product","3":"status-publish","4":"has-post-thumbnail","6":"product_cat-accesorii-camera","7":"product_cat-accesorii-pentru-oaspeti","9":"first","10":"instock","11":"taxable","12":"shipping-taxable","13":"purchasable","14":"product-type-simple"},"acf":[],"_links":{"self":[{"href":"https:\/\/sv-hotelsupplies.com\/ro\/wp-json\/wp\/v2\/product\/794","targetHints":{"allow":["GET"]}}],"collection":[{"href":"https:\/\/sv-hotelsupplies.com\/ro\/wp-json\/wp\/v2\/product"}],"about":[{"href":"https:\/\/sv-hotelsupplies.com\/ro\/wp-json\/wp\/v2\/types\/product"}],"replies":[{"embeddable":true,"href":"https:\/\/sv-hotelsupplies.com\/ro\/wp-json\/wp\/v2\/comments?post=794"}],"wp:featuredmedia":[{"embeddable":true,"href":"https:\/\/sv-hotelsupplies.com\/ro\/wp-json\/wp\/v2\/media\/1109"}],"wp:attachment":[{"href":"https:\/\/sv-hotelsupplies.com\/ro\/wp-json\/wp\/v2\/media?parent=794"}],"wp:term":[{"taxonomy":"product_brand","embeddable":true,"href":"https:\/\/sv-hotelsupplies.com\/ro\/wp-json\/wp\/v2\/product_brand?post=794"},{"taxonomy":"product_cat","embeddable":true,"href":"https:\/\/sv-hotelsupplies.com\/ro\/wp-json\/wp\/v2\/product_cat?post=794"},{"taxonomy":"product_tag","embeddable":true,"href":"https:\/\/sv-hotelsupplies.com\/ro\/wp-json\/wp\/v2\/product_tag?post=794"}],"curies":[{"name":"wp","href":"https:\/\/api.w.org\/{rel}","templated":true}]}}