{"id":809,"date":"2022-01-24T13:49:41","date_gmt":"2022-01-24T13:49:41","guid":{"rendered":"https:\/\/sv-hotelsupplies.com\/product\/eco-pod-face-wash-3gr"},"modified":"2022-01-24T13:50:58","modified_gmt":"2022-01-24T13:50:58","slug":"eco-pod-face-wash-3gr","status":"publish","type":"product","link":"https:\/\/sv-hotelsupplies.com\/ro\/produs\/eco-pod-face-wash-3gr","title":{"rendered":"ECO POD Face wash 3gr"},"content":{"rendered":"<p>Ambalaj din h\u00e2rtie compostabil\u0103, bambus, trestie de zah\u0103r \u0219i fibre de lemn cu cerneal\u0103 de imprimare \u00een baz\u0103 de soia. Produs condensat \u00een praf. Fiecare produs poate fi folosit p\u00e2n\u0103 \u0219i de 4 ori depinde de lungimea p\u0103rului \u0219i frecven\u021ba. Designul de lob asigur\u0103 utilizarea u\u0219oar\u0103. Turna\u021bi pu\u021bin\u0103 pudr\u0103 pe m\u00e2n\u0103, ad\u0103uga\u021bi ap\u0103 \u0219i freca\u021bi m\u00e2inile dvs. \u00eempreun\u0103 p\u00e2n\u0103 c\u00e2nd pudra s\u0103 se transforme \u00een spum\u0103. Aplica\u021bi pe p\u0103r umed sau pe piele umed\u0103, apoi cl\u0103ti\u021bi bine.<\/p>\n","protected":false},"excerpt":{"rendered":"<p>Ambalaj din h\u00e2rtie compostabil\u0103, bambus, trestie de zah\u0103r \u0219i fibre de lemn cu cerneal\u0103 de imprimare \u00een baz\u0103 de soia. Produs condensat \u00een praf. Fiecare produs poate fi folosit p\u00e2n\u0103 \u0219i de 4 ori depinde de lungimea p\u0103rului \u0219i frecven\u021ba. Designul de lob asigur\u0103 utilizarea u\u0219oar\u0103. Turna\u021bi pu\u021bin\u0103 pudr\u0103 pe m\u00e2n\u0103, ad\u0103uga\u021bi ap\u0103 \u0219i freca\u021bi m\u00e2inile dvs. \u00eempreun\u0103 p\u00e2n\u0103 c\u00e2nd pudra s\u0103 se transforme \u00een spum\u0103. Aplica\u021bi pe p\u0103r umed sau pe piele umed\u0103, apoi cl\u0103ti\u021bi bine.<\/p>\n","protected":false},"featured_media":798,"comment_status":"open","ping_status":"closed","template":"","meta":{"_acf_changed":false},"product_brand":[],"product_cat":[54,59],"product_tag":[],"class_list":{"0":"post-809","1":"product","2":"type-product","3":"status-publish","4":"has-post-thumbnail","6":"product_cat-amenities-ro","7":"product_cat-cosmetice","9":"first","10":"outofstock","11":"taxable","12":"shipping-taxable","13":"purchasable","14":"product-type-simple"},"acf":[],"_links":{"self":[{"href":"https:\/\/sv-hotelsupplies.com\/ro\/wp-json\/wp\/v2\/product\/809","targetHints":{"allow":["GET"]}}],"collection":[{"href":"https:\/\/sv-hotelsupplies.com\/ro\/wp-json\/wp\/v2\/product"}],"about":[{"href":"https:\/\/sv-hotelsupplies.com\/ro\/wp-json\/wp\/v2\/types\/product"}],"replies":[{"embeddable":true,"href":"https:\/\/sv-hotelsupplies.com\/ro\/wp-json\/wp\/v2\/comments?post=809"}],"wp:featuredmedia":[{"embeddable":true,"href":"https:\/\/sv-hotelsupplies.com\/ro\/wp-json\/wp\/v2\/media\/798"}],"wp:attachment":[{"href":"https:\/\/sv-hotelsupplies.com\/ro\/wp-json\/wp\/v2\/media?parent=809"}],"wp:term":[{"taxonomy":"product_brand","embeddable":true,"href":"https:\/\/sv-hotelsupplies.com\/ro\/wp-json\/wp\/v2\/product_brand?post=809"},{"taxonomy":"product_cat","embeddable":true,"href":"https:\/\/sv-hotelsupplies.com\/ro\/wp-json\/wp\/v2\/product_cat?post=809"},{"taxonomy":"product_tag","embeddable":true,"href":"https:\/\/sv-hotelsupplies.com\/ro\/wp-json\/wp\/v2\/product_tag?post=809"}],"curies":[{"name":"wp","href":"https:\/\/api.w.org\/{rel}","templated":true}]}}