{"id":815,"date":"2022-01-24T13:55:52","date_gmt":"2022-01-24T13:55:52","guid":{"rendered":"https:\/\/sv-hotelsupplies.com\/product\/k53-umeras-din-plastic-pentru-usa-nu-deranjati"},"modified":"2022-01-24T13:57:06","modified_gmt":"2022-01-24T13:57:06","slug":"k53-umeras-din-plastic-pentru-usa-nu-deranjati","status":"publish","type":"product","link":"https:\/\/sv-hotelsupplies.com\/ro\/produs\/k53-umeras-din-plastic-pentru-usa-nu-deranjati","title":{"rendered":"K53  Umera\u0219 din plastic pentru u\u0219\u0103 &#8222;Nu deranja\u021bi&#8221;"},"content":{"rendered":"<p>Cu design-ul nostru clar \u0219i elegant \u00een culori de galben \u0219i albastru, acest umera\u0219 pentru u\u0219\u0103 cu dou\u0103 fe\u021be asigur\u0103 c\u0103 oaspe\u021bii dvs. nu vor fi deranja\u021bi de c\u0103tre personalul de cur\u0103\u021benie sau din alte motive p\u00e2n\u0103 c\u00e2nd oaspetele va fi gata s\u0103 informeze c\u0103 camera este liber\u0103 pentru menaj. Semnul este necesar pentru hoteluri \u0219i \u00een general toate acomod\u0103rile \u0219i este fabricat\u0103 din PVC.<\/p>\n","protected":false},"excerpt":{"rendered":"<p>Cu design-ul nostru clar \u0219i elegant \u00een culori de galben \u0219i albastru, acest umera\u0219 pentru u\u0219\u0103 cu dou\u0103 fe\u021be asigur\u0103 c\u0103 oaspe\u021bii dvs. nu vor fi deranja\u021bi de c\u0103tre personalul de cur\u0103\u021benie sau din alte motive p\u00e2n\u0103 c\u00e2nd oaspetele va fi gata s\u0103 informeze c\u0103 camera este liber\u0103 pentru menaj. Semnul este necesar pentru hoteluri \u0219i \u00een general toate acomod\u0103rile \u0219i este fabricat\u0103 din PVC.<\/p>\n","protected":false},"featured_media":1013,"comment_status":"open","ping_status":"closed","template":"","meta":{"_acf_changed":false},"product_brand":[],"product_cat":[56,57],"product_tag":[],"class_list":{"0":"post-815","1":"product","2":"type-product","3":"status-publish","4":"has-post-thumbnail","6":"product_cat-accesorii-camera","7":"product_cat-accesorii-pentru-oaspeti","9":"first","10":"instock","11":"taxable","12":"shipping-taxable","13":"purchasable","14":"product-type-simple"},"acf":[],"_links":{"self":[{"href":"https:\/\/sv-hotelsupplies.com\/ro\/wp-json\/wp\/v2\/product\/815","targetHints":{"allow":["GET"]}}],"collection":[{"href":"https:\/\/sv-hotelsupplies.com\/ro\/wp-json\/wp\/v2\/product"}],"about":[{"href":"https:\/\/sv-hotelsupplies.com\/ro\/wp-json\/wp\/v2\/types\/product"}],"replies":[{"embeddable":true,"href":"https:\/\/sv-hotelsupplies.com\/ro\/wp-json\/wp\/v2\/comments?post=815"}],"wp:featuredmedia":[{"embeddable":true,"href":"https:\/\/sv-hotelsupplies.com\/ro\/wp-json\/wp\/v2\/media\/1013"}],"wp:attachment":[{"href":"https:\/\/sv-hotelsupplies.com\/ro\/wp-json\/wp\/v2\/media?parent=815"}],"wp:term":[{"taxonomy":"product_brand","embeddable":true,"href":"https:\/\/sv-hotelsupplies.com\/ro\/wp-json\/wp\/v2\/product_brand?post=815"},{"taxonomy":"product_cat","embeddable":true,"href":"https:\/\/sv-hotelsupplies.com\/ro\/wp-json\/wp\/v2\/product_cat?post=815"},{"taxonomy":"product_tag","embeddable":true,"href":"https:\/\/sv-hotelsupplies.com\/ro\/wp-json\/wp\/v2\/product_tag?post=815"}],"curies":[{"name":"wp","href":"https:\/\/api.w.org\/{rel}","templated":true}]}}