{"id":821,"date":"2022-01-24T13:59:06","date_gmt":"2022-01-24T13:59:06","guid":{"rendered":"https:\/\/sv-hotelsupplies.com\/product\/k68-pix-negru-din-plastic"},"modified":"2022-01-24T14:00:46","modified_gmt":"2022-01-24T14:00:46","slug":"k68-pix-negru-din-plastic","status":"publish","type":"product","link":"https:\/\/sv-hotelsupplies.com\/ro\/produs\/k68-pix-negru-din-plastic","title":{"rendered":"K68  Pix negru din plastic"},"content":{"rendered":"<p>Un pix de bun\u0103 calitate de culoare neagr\u0103 cu detalii argintii care poate fi ad\u0103ugat la un kit pentru birou hotelier sau s\u0103 fie situat l\u00e2ng\u0103 telefon pentru p\u0103strarea de noti\u021be. Avantajul lui este faptul c\u0103 dispune de suficient spa\u021biu pentru a imprima logo-ul dvs. Este un produs care va facilita oaspe\u021bii dvs.<\/p>\n","protected":false},"excerpt":{"rendered":"<p>Un pix de bun\u0103 calitate de culoare neagr\u0103 cu detalii argintii care poate fi ad\u0103ugat la un kit pentru birou hotelier sau s\u0103 fie situat l\u00e2ng\u0103 telefon pentru p\u0103strarea de noti\u021be. Avantajul lui este faptul c\u0103 dispune de suficient spa\u021biu pentru a imprima logo-ul dvs. Este un produs care va facilita oaspe\u021bii dvs.<\/p>\n","protected":false},"featured_media":953,"comment_status":"open","ping_status":"closed","template":"","meta":{"_acf_changed":false},"product_brand":[],"product_cat":[56,57],"product_tag":[],"class_list":{"0":"post-821","1":"product","2":"type-product","3":"status-publish","4":"has-post-thumbnail","6":"product_cat-accesorii-camera","7":"product_cat-accesorii-pentru-oaspeti","9":"first","10":"instock","11":"taxable","12":"shipping-taxable","13":"purchasable","14":"product-type-simple"},"acf":[],"_links":{"self":[{"href":"https:\/\/sv-hotelsupplies.com\/ro\/wp-json\/wp\/v2\/product\/821","targetHints":{"allow":["GET"]}}],"collection":[{"href":"https:\/\/sv-hotelsupplies.com\/ro\/wp-json\/wp\/v2\/product"}],"about":[{"href":"https:\/\/sv-hotelsupplies.com\/ro\/wp-json\/wp\/v2\/types\/product"}],"replies":[{"embeddable":true,"href":"https:\/\/sv-hotelsupplies.com\/ro\/wp-json\/wp\/v2\/comments?post=821"}],"wp:featuredmedia":[{"embeddable":true,"href":"https:\/\/sv-hotelsupplies.com\/ro\/wp-json\/wp\/v2\/media\/953"}],"wp:attachment":[{"href":"https:\/\/sv-hotelsupplies.com\/ro\/wp-json\/wp\/v2\/media?parent=821"}],"wp:term":[{"taxonomy":"product_brand","embeddable":true,"href":"https:\/\/sv-hotelsupplies.com\/ro\/wp-json\/wp\/v2\/product_brand?post=821"},{"taxonomy":"product_cat","embeddable":true,"href":"https:\/\/sv-hotelsupplies.com\/ro\/wp-json\/wp\/v2\/product_cat?post=821"},{"taxonomy":"product_tag","embeddable":true,"href":"https:\/\/sv-hotelsupplies.com\/ro\/wp-json\/wp\/v2\/product_tag?post=821"}],"curies":[{"name":"wp","href":"https:\/\/api.w.org\/{rel}","templated":true}]}}