{"id":875,"date":"2022-01-24T14:39:14","date_gmt":"2022-01-24T14:39:14","guid":{"rendered":"https:\/\/sv-hotelsupplies.com\/product\/k140-suport-patrat-pentru-pahar"},"modified":"2022-01-24T14:40:45","modified_gmt":"2022-01-24T14:40:45","slug":"k140-suport-patrat-pentru-pahar","status":"publish","type":"product","link":"https:\/\/sv-hotelsupplies.com\/ro\/produs\/k140-suport-patrat-pentru-pahar","title":{"rendered":"K140  Suport p\u0103trat pentru pahar"},"content":{"rendered":"<p>Capac p\u0103trat din h\u00e2rtie pentru pahar. Dimensiuni: 8,5 x 8,5 cm<\/p>\n","protected":false},"excerpt":{"rendered":"<p>Capac p\u0103trat din h\u00e2rtie pentru pahar. Dimensiuni: 8,5 x 8,5 cm<\/p>\n","protected":false},"featured_media":873,"comment_status":"open","ping_status":"closed","template":"","meta":{"_acf_changed":false},"product_brand":[],"product_cat":[15],"product_tag":[],"class_list":{"0":"post-875","1":"product","2":"type-product","3":"status-publish","4":"has-post-thumbnail","6":"product_cat-uncategorized","8":"first","9":"instock","10":"taxable","11":"shipping-taxable","12":"purchasable","13":"product-type-simple"},"acf":[],"_links":{"self":[{"href":"https:\/\/sv-hotelsupplies.com\/ro\/wp-json\/wp\/v2\/product\/875","targetHints":{"allow":["GET"]}}],"collection":[{"href":"https:\/\/sv-hotelsupplies.com\/ro\/wp-json\/wp\/v2\/product"}],"about":[{"href":"https:\/\/sv-hotelsupplies.com\/ro\/wp-json\/wp\/v2\/types\/product"}],"replies":[{"embeddable":true,"href":"https:\/\/sv-hotelsupplies.com\/ro\/wp-json\/wp\/v2\/comments?post=875"}],"wp:featuredmedia":[{"embeddable":true,"href":"https:\/\/sv-hotelsupplies.com\/ro\/wp-json\/wp\/v2\/media\/873"}],"wp:attachment":[{"href":"https:\/\/sv-hotelsupplies.com\/ro\/wp-json\/wp\/v2\/media?parent=875"}],"wp:term":[{"taxonomy":"product_brand","embeddable":true,"href":"https:\/\/sv-hotelsupplies.com\/ro\/wp-json\/wp\/v2\/product_brand?post=875"},{"taxonomy":"product_cat","embeddable":true,"href":"https:\/\/sv-hotelsupplies.com\/ro\/wp-json\/wp\/v2\/product_cat?post=875"},{"taxonomy":"product_tag","embeddable":true,"href":"https:\/\/sv-hotelsupplies.com\/ro\/wp-json\/wp\/v2\/product_tag?post=875"}],"curies":[{"name":"wp","href":"https:\/\/api.w.org\/{rel}","templated":true}]}}