{"id":893,"date":"2022-01-24T14:51:13","date_gmt":"2022-01-24T14:51:13","guid":{"rendered":"https:\/\/sv-hotelsupplies.com\/product\/s16-papuc-inchis-culoare-alba-30cm"},"modified":"2022-01-24T14:52:32","modified_gmt":"2022-01-24T14:52:32","slug":"s16-papuc-inchis-culoare-alba-30cm","status":"publish","type":"product","link":"https:\/\/sv-hotelsupplies.com\/ro\/produs\/s16-papuc-inchis-culoare-alba-30cm","title":{"rendered":"S16  Papuc \u00eenchis culoare alb\u0103 30cm"},"content":{"rendered":"<p>Papuc de lux, fabricat din material coral fleece. Lungimea sa este de 30cm iar talpa este din material EVA \u00een grosime de 5,5mm \u0219i este potrivit pentru toate spa\u021biile. Oaspe\u021bii dvs. vor aprecia \u00een mod cert luxul s\u0103u \u0219i poate fi individualizat cu logo tip\u0103rit sau cro\u0219etat \u00een culori precum \u0219i s\u0103 fie fabricat la comand\u0103 \u00een diferite dimensiuni. Constituie o solu\u021bie extraordinar\u0103 \u00een ceea ce prive\u0219te raportul calitate &#8211; cost, potrivit pentru orice uz.<\/p>\n","protected":false},"excerpt":{"rendered":"<p>Papuc de lux, fabricat din material coral fleece. Lungimea sa este de 30cm iar talpa este din material EVA \u00een grosime de 5,5mm \u0219i este potrivit pentru toate spa\u021biile. Oaspe\u021bii dvs. vor aprecia \u00een mod cert luxul s\u0103u \u0219i poate fi individualizat cu logo tip\u0103rit sau cro\u0219etat \u00een culori precum \u0219i s\u0103 fie fabricat la comand\u0103 \u00een diferite dimensiuni. Constituie o solu\u021bie extraordinar\u0103 \u00een ceea ce prive\u0219te raportul calitate &#8211; cost, potrivit pentru orice uz.<\/p>\n","protected":false},"featured_media":1064,"comment_status":"open","ping_status":"closed","template":"","meta":{"_acf_changed":false},"product_brand":[],"product_cat":[62,61],"product_tag":[],"class_list":{"0":"post-893","1":"product","2":"type-product","3":"status-publish","4":"has-post-thumbnail","6":"product_cat-papuci-de-lux","7":"product_cat-papuci-pentru-hotel","9":"first","10":"instock","11":"taxable","12":"shipping-taxable","13":"purchasable","14":"product-type-simple"},"acf":[],"_links":{"self":[{"href":"https:\/\/sv-hotelsupplies.com\/ro\/wp-json\/wp\/v2\/product\/893","targetHints":{"allow":["GET"]}}],"collection":[{"href":"https:\/\/sv-hotelsupplies.com\/ro\/wp-json\/wp\/v2\/product"}],"about":[{"href":"https:\/\/sv-hotelsupplies.com\/ro\/wp-json\/wp\/v2\/types\/product"}],"replies":[{"embeddable":true,"href":"https:\/\/sv-hotelsupplies.com\/ro\/wp-json\/wp\/v2\/comments?post=893"}],"wp:featuredmedia":[{"embeddable":true,"href":"https:\/\/sv-hotelsupplies.com\/ro\/wp-json\/wp\/v2\/media\/1064"}],"wp:attachment":[{"href":"https:\/\/sv-hotelsupplies.com\/ro\/wp-json\/wp\/v2\/media?parent=893"}],"wp:term":[{"taxonomy":"product_brand","embeddable":true,"href":"https:\/\/sv-hotelsupplies.com\/ro\/wp-json\/wp\/v2\/product_brand?post=893"},{"taxonomy":"product_cat","embeddable":true,"href":"https:\/\/sv-hotelsupplies.com\/ro\/wp-json\/wp\/v2\/product_cat?post=893"},{"taxonomy":"product_tag","embeddable":true,"href":"https:\/\/sv-hotelsupplies.com\/ro\/wp-json\/wp\/v2\/product_tag?post=893"}],"curies":[{"name":"wp","href":"https:\/\/api.w.org\/{rel}","templated":true}]}}