{"id":899,"date":"2022-01-24T14:54:29","date_gmt":"2022-01-24T14:54:29","guid":{"rendered":"https:\/\/sv-hotelsupplies.com\/product\/s16b-papuc-inchis-culoare-negru-30cm"},"modified":"2022-01-24T14:55:52","modified_gmt":"2022-01-24T14:55:52","slug":"s16b-papuc-inchis-culoare-negru-30cm","status":"publish","type":"product","link":"https:\/\/sv-hotelsupplies.com\/ro\/produs\/s16b-papuc-inchis-culoare-negru-30cm","title":{"rendered":"S16B  Papuc \u00eenchis culoare negru 30cm"},"content":{"rendered":"<p>Papuc de lux care se distinge prin culoare sa neagr\u0103, fabricat din material coral fleece. Lungimea sa este de 30cm iar talpa este din material EVA \u00een grosime de 5,5mm \u0219i este potrivit pentru toate spa\u021biile. Oaspe\u021bii dvs. vor aprecia \u00een mod cert luxul s\u0103u \u0219i poate fi individualizat cu logo tip\u0103rit sau cro\u0219etat \u00een culori precum \u0219i s\u0103 fie fabricat la comand\u0103 \u00een diferite dimensiuni. Constituie o solu\u021bie extraordinar\u0103 \u00een ceea ce prive\u0219te raportul calitate &#8211; cost, potrivit pentru orice uz.<\/p>\n","protected":false},"excerpt":{"rendered":"<p>Papuc de lux care se distinge prin culoare sa neagr\u0103, fabricat din material coral fleece. Lungimea sa este de 30cm iar talpa este din material EVA \u00een grosime de 5,5mm \u0219i este potrivit pentru toate spa\u021biile. Oaspe\u021bii dvs. vor aprecia \u00een mod cert luxul s\u0103u \u0219i poate fi individualizat cu logo tip\u0103rit sau cro\u0219etat \u00een culori precum \u0219i s\u0103 fie fabricat la comand\u0103 \u00een diferite dimensiuni. Constituie o solu\u021bie extraordinar\u0103 \u00een ceea ce prive\u0219te raportul calitate &#8211; cost, potrivit pentru orice uz.<\/p>\n","protected":false},"featured_media":992,"comment_status":"open","ping_status":"closed","template":"","meta":{"_acf_changed":false},"product_brand":[],"product_cat":[62,61],"product_tag":[],"class_list":{"0":"post-899","1":"product","2":"type-product","3":"status-publish","4":"has-post-thumbnail","6":"product_cat-papuci-de-lux","7":"product_cat-papuci-pentru-hotel","9":"first","10":"instock","11":"taxable","12":"shipping-taxable","13":"purchasable","14":"product-type-simple"},"acf":[],"_links":{"self":[{"href":"https:\/\/sv-hotelsupplies.com\/ro\/wp-json\/wp\/v2\/product\/899","targetHints":{"allow":["GET"]}}],"collection":[{"href":"https:\/\/sv-hotelsupplies.com\/ro\/wp-json\/wp\/v2\/product"}],"about":[{"href":"https:\/\/sv-hotelsupplies.com\/ro\/wp-json\/wp\/v2\/types\/product"}],"replies":[{"embeddable":true,"href":"https:\/\/sv-hotelsupplies.com\/ro\/wp-json\/wp\/v2\/comments?post=899"}],"wp:featuredmedia":[{"embeddable":true,"href":"https:\/\/sv-hotelsupplies.com\/ro\/wp-json\/wp\/v2\/media\/992"}],"wp:attachment":[{"href":"https:\/\/sv-hotelsupplies.com\/ro\/wp-json\/wp\/v2\/media?parent=899"}],"wp:term":[{"taxonomy":"product_brand","embeddable":true,"href":"https:\/\/sv-hotelsupplies.com\/ro\/wp-json\/wp\/v2\/product_brand?post=899"},{"taxonomy":"product_cat","embeddable":true,"href":"https:\/\/sv-hotelsupplies.com\/ro\/wp-json\/wp\/v2\/product_cat?post=899"},{"taxonomy":"product_tag","embeddable":true,"href":"https:\/\/sv-hotelsupplies.com\/ro\/wp-json\/wp\/v2\/product_tag?post=899"}],"curies":[{"name":"wp","href":"https:\/\/api.w.org\/{rel}","templated":true}]}}