{"id":923,"date":"2022-01-24T15:09:00","date_gmt":"2022-01-24T15:09:00","guid":{"rendered":"https:\/\/sv-hotelsupplies.com\/product\/l57bg-pix-negru-din-metal"},"modified":"2022-01-24T15:10:15","modified_gmt":"2022-01-24T15:10:15","slug":"l57bg-pix-negru-din-metal","status":"publish","type":"product","link":"https:\/\/sv-hotelsupplies.com\/ro\/produs\/l57bg-pix-negru-din-metal","title":{"rendered":"L57BG  Pix negru din metal"},"content":{"rendered":"<p>Pix din metal ideal pentru dvs. care dori\u021bi s\u0103 oferi\u021bi ceva mai mult oaspe\u021bilor dvs. Disponibil \u00een culoare neagr\u0103 cu detalii aurii, poate fi gravat cu logo-ul dvs. prin laser \u0219i poate fi ad\u0103ugat la un kit pentru birou hotelier sau s\u0103 fie situat l\u00e2ng\u0103 telefon pentru p\u0103strarea de noti\u021be. Constituie o solu\u021bie excelent\u0103 \u00een ceea ce prive\u0219te raportul calitate &#8211; cost.<\/p>\n","protected":false},"excerpt":{"rendered":"<p>Pix din metal ideal pentru dvs. care dori\u021bi s\u0103 oferi\u021bi ceva mai mult oaspe\u021bilor dvs. Disponibil \u00een culoare neagr\u0103 cu detalii aurii, poate fi gravat cu logo-ul dvs. prin laser \u0219i poate fi ad\u0103ugat la un kit pentru birou hotelier sau s\u0103 fie situat l\u00e2ng\u0103 telefon pentru p\u0103strarea de noti\u021be. Constituie o solu\u021bie excelent\u0103 \u00een ceea ce prive\u0219te raportul calitate &#8211; cost.<\/p>\n","protected":false},"featured_media":968,"comment_status":"open","ping_status":"closed","template":"","meta":{"_acf_changed":false},"product_brand":[],"product_cat":[56,57],"product_tag":[],"class_list":{"0":"post-923","1":"product","2":"type-product","3":"status-publish","4":"has-post-thumbnail","6":"product_cat-accesorii-camera","7":"product_cat-accesorii-pentru-oaspeti","9":"first","10":"instock","11":"taxable","12":"shipping-taxable","13":"purchasable","14":"product-type-simple"},"acf":[],"_links":{"self":[{"href":"https:\/\/sv-hotelsupplies.com\/ro\/wp-json\/wp\/v2\/product\/923","targetHints":{"allow":["GET"]}}],"collection":[{"href":"https:\/\/sv-hotelsupplies.com\/ro\/wp-json\/wp\/v2\/product"}],"about":[{"href":"https:\/\/sv-hotelsupplies.com\/ro\/wp-json\/wp\/v2\/types\/product"}],"replies":[{"embeddable":true,"href":"https:\/\/sv-hotelsupplies.com\/ro\/wp-json\/wp\/v2\/comments?post=923"}],"wp:featuredmedia":[{"embeddable":true,"href":"https:\/\/sv-hotelsupplies.com\/ro\/wp-json\/wp\/v2\/media\/968"}],"wp:attachment":[{"href":"https:\/\/sv-hotelsupplies.com\/ro\/wp-json\/wp\/v2\/media?parent=923"}],"wp:term":[{"taxonomy":"product_brand","embeddable":true,"href":"https:\/\/sv-hotelsupplies.com\/ro\/wp-json\/wp\/v2\/product_brand?post=923"},{"taxonomy":"product_cat","embeddable":true,"href":"https:\/\/sv-hotelsupplies.com\/ro\/wp-json\/wp\/v2\/product_cat?post=923"},{"taxonomy":"product_tag","embeddable":true,"href":"https:\/\/sv-hotelsupplies.com\/ro\/wp-json\/wp\/v2\/product_tag?post=923"}],"curies":[{"name":"wp","href":"https:\/\/api.w.org\/{rel}","templated":true}]}}