{"id":944,"date":"2022-01-25T13:07:16","date_gmt":"2022-01-25T13:07:16","guid":{"rendered":"https:\/\/sv-hotelsupplies.com\/product\/s4-papuc-inchis-culoare-alba-22cm"},"modified":"2022-01-25T13:10:53","modified_gmt":"2022-01-25T13:10:53","slug":"s4-papuc-inchis-culoare-alba-22cm","status":"publish","type":"product","link":"https:\/\/sv-hotelsupplies.com\/ro\/produs\/s4-papuc-inchis-culoare-alba-22cm","title":{"rendered":"S4  Papuc \u00eenchis culoare alb\u0103 22cm"},"content":{"rendered":"<p>Papucul \u00eenchis \u00een cauz\u0103 este fabricat din material nap cloth. Lungimea sa este de 22cm iar talpa este din material EVA \u00een grosime de 3mm \u0219i este potrivit pentru spa\u021bii cu mochet\u0103 \u0219i pentru uz general \u00een camere \u0219i b\u0103i. Constituie o solu\u021bie destul de economic\u0103 \u0219i poate fi individualizat cu logo tip\u0103rit sau cro\u0219etat \u00een culori precum \u0219i s\u0103 fie fabricat la comand\u0103 \u00een diferite dimensiuni. Este o foarte bun\u0103 solu\u021bie \u00een ceea ce prive\u0219te raportul calitate &#8211; cost, potrivit\u0103 pentru orice uz.<\/p>\n","protected":false},"excerpt":{"rendered":"<p>Papucul \u00eenchis \u00een cauz\u0103 este fabricat din material nap cloth. Lungimea sa este de 22cm iar talpa este din material EVA \u00een grosime de 3mm \u0219i este potrivit pentru spa\u021bii cu mochet\u0103 \u0219i pentru uz general \u00een camere \u0219i b\u0103i. Constituie o solu\u021bie destul de economic\u0103 \u0219i poate fi individualizat cu logo tip\u0103rit sau cro\u0219etat \u00een culori precum \u0219i s\u0103 fie fabricat la comand\u0103 \u00een diferite dimensiuni. Este o foarte bun\u0103 solu\u021bie \u00een ceea ce prive\u0219te raportul calitate &#8211; cost, potrivit\u0103 pentru orice uz.<\/p>\n","protected":false},"featured_media":1088,"comment_status":"open","ping_status":"closed","template":"","meta":{"_acf_changed":false},"product_brand":[],"product_cat":[53,61],"product_tag":[],"class_list":{"0":"post-944","1":"product","2":"type-product","3":"status-publish","4":"has-post-thumbnail","6":"product_cat-papuci-pentru-copii","7":"product_cat-papuci-pentru-hotel","9":"first","10":"instock","11":"taxable","12":"shipping-taxable","13":"purchasable","14":"product-type-simple"},"acf":[],"_links":{"self":[{"href":"https:\/\/sv-hotelsupplies.com\/ro\/wp-json\/wp\/v2\/product\/944","targetHints":{"allow":["GET"]}}],"collection":[{"href":"https:\/\/sv-hotelsupplies.com\/ro\/wp-json\/wp\/v2\/product"}],"about":[{"href":"https:\/\/sv-hotelsupplies.com\/ro\/wp-json\/wp\/v2\/types\/product"}],"replies":[{"embeddable":true,"href":"https:\/\/sv-hotelsupplies.com\/ro\/wp-json\/wp\/v2\/comments?post=944"}],"wp:featuredmedia":[{"embeddable":true,"href":"https:\/\/sv-hotelsupplies.com\/ro\/wp-json\/wp\/v2\/media\/1088"}],"wp:attachment":[{"href":"https:\/\/sv-hotelsupplies.com\/ro\/wp-json\/wp\/v2\/media?parent=944"}],"wp:term":[{"taxonomy":"product_brand","embeddable":true,"href":"https:\/\/sv-hotelsupplies.com\/ro\/wp-json\/wp\/v2\/product_brand?post=944"},{"taxonomy":"product_cat","embeddable":true,"href":"https:\/\/sv-hotelsupplies.com\/ro\/wp-json\/wp\/v2\/product_cat?post=944"},{"taxonomy":"product_tag","embeddable":true,"href":"https:\/\/sv-hotelsupplies.com\/ro\/wp-json\/wp\/v2\/product_tag?post=944"}],"curies":[{"name":"wp","href":"https:\/\/api.w.org\/{rel}","templated":true}]}}